{"id":2601,"date":"2025-11-28T18:59:39","date_gmt":"2025-11-28T22:59:39","guid":{"rendered":"https:\/\/trendexsys.com\/solutions-de-sauvegarde-trendex\/"},"modified":"2026-01-15T18:12:57","modified_gmt":"2026-01-15T22:12:57","slug":"solutions-de-sauvegarde-trendex","status":"publish","type":"page","link":"https:\/\/trendexsys.com\/fr-ca\/solutions-de-sauvegarde-trendex\/","title":{"rendered":"Solutions de sauvegarde Trendex"},"content":{"rendered":"<div class=\"wpb-content-wrapper\"><p>[vc_row][vc_column][vc_video link=\u00a0\u00bbhttps:\/\/youtu.be\/pjIU3xfjbSk\u00a0\u00bb align=\u00a0\u00bbcenter\u00a0\u00bb css=\u00a0\u00bb\u00a0\u00bb][\/vc_column][\/vc_row][vc_row][vc_column][vc_column_text css=\u00a0\u00bb\u00a0\u00bb]<\/p>\n<h1 data-start=\"239\" data-end=\"261\"><strong data-start=\"241\" data-end=\"261\">Solutions de sauvegarde Trendex<\/strong><\/h1>\n<h3 data-start=\"262\" data-end=\"328\"><strong data-start=\"266\" data-end=\"328\">Prot\u00e9ger votre entreprise \u2014 chaque jour, peu importe quoi<\/strong><\/h3>\n<p data-start=\"330\" data-end=\"634\">Vos donn\u00e9es sont essentielles au bon fonctionnement de votre entreprise. Trendex offre <strong>deux<\/strong> solutions puissantes de sauvegarde et de r\u00e9cup\u00e9ration con\u00e7ues sp\u00e9cifiquement pour <strong data-start=\"458\" data-end=\"483\">les clients de Trendex<\/strong>, vous offrant confiance, s\u00e9curit\u00e9 et continuit\u00e9 dans toutes les situations \u2014 de la simple r\u00e9cup\u00e9ration de fichiers \u00e0 la reprise compl\u00e8te apr\u00e8s une d\u00e9faillance compl\u00e8te du syst\u00e8me.<\/p>\n<p data-start=\"636\" data-end=\"692\">Voici les deux niveaux de protection qui vous sont offerts :<\/p>\n<p>[\/vc_column_text][\/vc_column][\/vc_row][vc_row][vc_column][vc_separator css=\u00a0\u00bb.vc_custom_1764372258089{padding-top: 20px !important;padding-bottom: 20px !important;}\u00a0\u00bb][\/vc_column][\/vc_row][vc_row][vc_column][vc_column_text css=\u00a0\u00bb\u00a0\u00bb]<\/p>\n<h1 data-start=\"117\" data-end=\"144\"><\/h1>\n<h1 data-start=\"117\" data-end=\"144\"><\/h1>\n<h1 style=\"text-align: left;\" data-start=\"117\" data-end=\"144\"><span style=\"color: #014c90;\"><em><strong>\u21d2Trendex SureBackup<\/strong><\/em><\/span><\/h1>\n<h3 data-start=\"145\" data-end=\"215\"><strong data-start=\"149\" data-end=\"213\">Un soutien fiable. R\u00e9tablissement assur\u00e9. Une tranquillit\u00e9 d\u2019esprit totale. <\/strong><\/h3>\n<p data-start=\"217\" data-end=\"610\">Quand il s\u2019agit de vos donn\u00e9es d\u2019entreprise, \u00ab presque sauvegard\u00e9 \u00bb ne suffit pas. <strong data-start=\"292\" data-end=\"314\">Trendex SureBackup<\/strong> offre <strong data-start=\"324\" data-end=\"363\">une protection des donn\u00e9es automatis\u00e9e et fiable<\/strong> , con\u00e7ue sp\u00e9cifiquement pour <strong data-start=\"387\" data-end=\"408\">les utilisateurs ERP de Trendex<\/strong>. En <strong data-start=\"416\" data-end=\"443\">utilisant BackupEDGE de Microlite<\/strong> et un <strong data-start=\"460\" data-end=\"474\">serveur connect\u00e9 \u00e0 Networ (NAS)<\/strong> d\u00e9di\u00e9, Trendex SureBackup garantit que vos donn\u00e9es ERP sont toujours s\u00e9curitaires, accessibles et r\u00e9cup\u00e9rables \u2014 sans la complexit\u00e9 de leur gestion vous-m\u00eame.<\/p>\n<p data-start=\"612\" data-end=\"855\">Avec <strong data-start=\"617\" data-end=\"644\">des sauvegardes automatis\u00e9es quotidiennes<\/strong>, <strong data-start=\"646\" data-end=\"670\">un stockage local s\u00e9curis\u00e9<\/strong> et <strong data-start=\"676\" data-end=\"706\">des options de redondance hors site<\/strong>, SureBackup est con\u00e7u pour fonctionner discr\u00e8tement en arri\u00e8re-plan \u2014 sans avoir \u00e0 g\u00e9rer votre personnel des processus de sauvegarde complexes.<\/p>\n<h3 data-start=\"829\" data-end=\"869\"><strong data-start=\"833\" data-end=\"869\">Ce que propose Trendex SureBackup<\/strong><\/h3>\n<p data-start=\"871\" data-end=\"1003\"><strong data-start=\"871\" data-end=\"900\">\u2022 Sauvegardes quotidiennes automatis\u00e9es<\/strong><br data-start=\"900\" data-end=\"903\" \/>Vos donn\u00e9es sont sauvegard\u00e9es automatiquement chaque jour, assurant une protection constante sans \u00e9tapes manuelles.<\/p>\n<p data-start=\"1005\" data-end=\"1148\"><strong data-start=\"1005\" data-end=\"1035\">\u2022 Serveur de sauvegarde NAS sur site<\/strong><br data-start=\"1035\" data-end=\"1038\" \/>Toutes les sauvegardes sont stock\u00e9es sur un appareil NAS s\u00e9curis\u00e9 et d\u00e9di\u00e9 situ\u00e9 dans votre entreprise pour une r\u00e9cup\u00e9ration rapide et fiable.<\/p>\n<p data-start=\"1150\" data-end=\"1285\"><strong data-start=\"1150\" data-end=\"1177\">\u2022 Aliment\u00e9 par BackupEDGE<\/strong><br data-start=\"1177\" data-end=\"1180\" \/>Construit sur BackupEDGE \u2014 fiable depuis des d\u00e9cennies pour ses capacit\u00e9s de sauvegarde et de restauration de qualit\u00e9 entreprise et solides comme un roc.<\/p>\n<p data-start=\"1287\" data-end=\"1404\"><strong data-start=\"1287\" data-end=\"1314\">\u2022 R\u00e9cup\u00e9ration rapide et facile<\/strong><br data-start=\"1314\" data-end=\"1317\" \/>Restaurez des fichiers individuels, des composants de base de donn\u00e9es ou des syst\u00e8mes complets avec un minimum de perturbations.<\/p>\n<p data-start=\"1406\" data-end=\"1530\"><strong data-start=\"1406\" data-end=\"1439\">\u2022 Redondance optionnelle hors site<\/strong><br data-start=\"1439\" data-end=\"1442\" \/>Ajoutez la synchronisation infonuagique pour une couche suppl\u00e9mentaire de protection et de tranquillit\u00e9 d\u2019esprit.<\/p>\n<h3 data-start=\"1392\" data-end=\"1449\"><strong data-start=\"1396\" data-end=\"1447\">Gardez vos donn\u00e9es en s\u00e9curit\u00e9. Faites avancer votre entreprise. <\/strong><\/h3>\n<p data-start=\"1450\" data-end=\"1540\">Trendex SureBackup vous permet de vous concentrer sur la gestion de votre entreprise \u2014 sans vous soucier de la perte de donn\u00e9es.<\/p>\n<p>[\/vc_column_text][\/vc_column][\/vc_row][vc_row][vc_column][vc_single_image image=\u00a0\u00bb2570&Prime; img_size=\u00a0\u00bblarge\u00a0\u00bb alignment=\u00a0\u00bbright\u00a0\u00bb css=\u00a0\u00bb\u00a0\u00bb][\/vc_column][\/vc_row][vc_row][vc_column][vc_separator css=\u00a0\u00bb.vc_custom_1764378303116{padding-top: 50px !important;padding-bottom: 50px !important;}\u00a0\u00bb][\/vc_column][\/vc_row][vc_row][vc_column][vc_column_text css=\u00a0\u00bb\u00a0\u00bb]<\/p>\n<h1 data-start=\"1545\" data-end=\"1579\"><\/h1>\n<h1 data-start=\"1545\" data-end=\"1579\"><\/h1>\n<h1 data-start=\"278\" data-end=\"311\"><span style=\"color: #014c90;\"><em><strong data-start=\"280\" data-end=\"309\">\u21d2Trendex SurePath Recovery<\/strong><\/em><\/span><\/h1>\n<h3 data-start=\"312\" data-end=\"401\"><strong data-start=\"316\" data-end=\"401\">Continuit\u00e9 d\u2019activit\u00e9 compl\u00e8te et reprise apr\u00e8s sinistre pour votre environnement ERP Trendex<\/strong><\/h3>\n<p data-start=\"403\" data-end=\"788\">Lorsque votre entreprise d\u00e9pend de Trendex ERP pour g\u00e9rer ses op\u00e9rations quotidiennes, m\u00eame une courte panne peut entra\u00eener des perturbations co\u00fbteuses. <strong data-start=\"519\" data-end=\"548\">Trendex SurePath Recovery<\/strong> offre une <strong data-start=\"560\" data-end=\"619\">solution compl\u00e8te de reprise en cas de sinistre d\u2019entreprise (BDR)<\/strong> con\u00e7ue sp\u00e9cifiquement pour les clients ERP de Trendex \u2014 offrant une imagerie compl\u00e8te du syst\u00e8me, un basculement rapide et une continuit\u00e9 infonuagique pour maintenir votre entreprise en marche quoi qu\u2019il arrive.<\/p>\n<p data-start=\"790\" data-end=\"1218\">Contrairement aux sauvegardes traditionnelles, qui ne prot\u00e8gent que vos fichiers, SurePath Recovery prot\u00e8ge <strong data-start=\"883\" data-end=\"912\">l\u2019ensemble de votre environnement serveur<\/strong>. Cela signifie syst\u00e8me d\u2019exploitation, ERP Trendex, donn\u00e9es, configurations et applications de soutien \u2014 tout captur\u00e9, prot\u00e9g\u00e9 et pr\u00eat \u00e0 \u00eatre restaur\u00e9. Que vous fassiez face \u00e0 une d\u00e9faillance mat\u00e9rielle, \u00e0 une attaque par ran\u00e7ongiciel ou \u00e0 un \u00e9v\u00e9nement catastrophique sur place, SurePath Recovery vous offre un chemin clair et fiable pour revenir pleinement op\u00e9rationnel.<\/p>\n<p data-start=\"1220\" data-end=\"1419\">Con\u00e7u pour les entreprises qui ne peuvent pas se permettre des interruptions, Trendex SurePath Recovery garantit que votre syst\u00e8me ERP est r\u00e9silient, que vos donn\u00e9es sont prot\u00e9g\u00e9es et que vos op\u00e9rations peuvent se poursuivre m\u00eame en cas d\u2019urgence.<\/p>\n<p>&nbsp;<\/p>\n<hr data-start=\"1421\" data-end=\"1424\" \/>\n<h1 data-start=\"1426\" data-end=\"1471\"><\/h1>\n<p>&nbsp;<\/p>\n<h3 data-start=\"1426\" data-end=\"1471\"><strong data-start=\"1428\" data-end=\"1471\">Ce que propose Trendex SurePath Recovery<\/strong><\/h3>\n<h3 data-start=\"1473\" data-end=\"1528\"><strong data-start=\"1477\" data-end=\"1526\">\u2022 Imagerie compl\u00e8te du syst\u00e8me et protection continue<\/strong><\/h3>\n<p data-start=\"1529\" data-end=\"1751\">SurePath Recovery va au-del\u00e0 des sauvegardes au niveau des fichiers en capturant continuellement des images compl\u00e8tes de votre serveur \u2014 y compris tous les logiciels, param\u00e8tres et composants ERP \u2014 assurant une protection compl\u00e8te et une restauration plus rapide et plus pr\u00e9cise.<\/p>\n<h3 data-start=\"1753\" data-end=\"1795\"><strong data-start=\"1757\" data-end=\"1793\">\u2022 Serveur de r\u00e9cup\u00e9ration de veille sur site<\/strong><\/h3>\n<p data-start=\"1796\" data-end=\"1967\">En cas de d\u00e9faillance mat\u00e9rielle, SurePath Recovery offre un <strong data-start=\"1859\" data-end=\"1896\">serveur de sauvegarde pr\u00eat \u00e0 fonctionner sur place<\/strong>, permettant \u00e0 votre ERP Trendex de basculer rapidement avec un minimum de temps d\u2019arr\u00eat.<\/p>\n<h3 data-start=\"1969\" data-end=\"2021\"><strong data-start=\"1973\" data-end=\"2019\">\u2022 R\u00e9plication cloud pour la redondance hors site<\/strong><\/h3>\n<p data-start=\"2022\" data-end=\"2243\">Toute l\u2019image de votre syst\u00e8me est r\u00e9pliqu\u00e9e de fa\u00e7on s\u00e9curis\u00e9e dans le nuage, offrant une deuxi\u00e8me couche de protection. Si votre installation subit une catastrophe, votre entreprise peut fonctionner \u00e0 partir du nuage jusqu\u2019\u00e0 ce que les syst\u00e8mes sur site soient r\u00e9tablis.<\/p>\n<h3 data-start=\"2245\" data-end=\"2293\"><strong data-start=\"2249\" data-end=\"2291\">\u2022 Basculement rapide et continuit\u00e9 des activit\u00e9s<\/strong><\/h3>\n<p data-start=\"2294\" data-end=\"2545\">Si votre serveur principal devient indisponible, SurePath Recovery permet un basculement rapide \u2014 soit vers votre appareil de secours sur place, soit vers le nuage \u2014 afin que votre \u00e9quipe puisse continuer \u00e0 traiter les commandes, g\u00e9rer l\u2019inventaire et servir les clients sans interruption majeure.<\/p>\n<h3 data-start=\"2547\" data-end=\"2591\"><strong data-start=\"2551\" data-end=\"2589\">\u2022 Restauration compl\u00e8te de l\u2019environnement<\/strong><\/h3>\n<p data-start=\"2592\" data-end=\"2826\">Une fois le probl\u00e8me r\u00e9solu, SurePath Recovery vous permet de restaurer rapidement et avec pr\u00e9cision <strong data-start=\"2665\" data-end=\"2691\">l\u2019ensemble de votre environnement ERP<\/strong> \u2014 syst\u00e8me, donn\u00e9es, configurations et tout le reste \u2014 afin de s\u2019assurer que votre entreprise retrouve ses op\u00e9rations normales avec un minimum d\u2019effort.<\/p>\n<h3 data-start=\"2828\" data-end=\"2873\"><strong data-start=\"2832\" data-end=\"2871\">\u2022 R\u00e9silience face aux menaces modernes<\/strong><\/h3>\n<p data-start=\"2874\" data-end=\"3084\">SurePath Recovery prot\u00e8ge votre syst\u00e8me contre les menaces modernes \u2014 y compris les ran\u00e7ongiciels, les logiciels malveillants, la corruption de donn\u00e9es, la d\u00e9faillance de composants ou la suppression accidentelle \u2014 assurant ainsi que votre environnement ERP demeure s\u00e9curis\u00e9 et r\u00e9cup\u00e9rable.<\/p>\n<hr data-start=\"3086\" data-end=\"3089\" \/>\n<h1 data-start=\"3091\" data-end=\"3141\"><\/h1>\n<p>&nbsp;<\/p>\n<h2 data-start=\"3091\" data-end=\"3141\"><strong data-start=\"3093\" data-end=\"3141\">Votre filet de s\u00e9curit\u00e9 pour une v\u00e9ritable continuit\u00e9 des affaires<\/strong><\/h2>\n<p data-start=\"3143\" data-end=\"3412\"><strong>Trendex SurePath Recovery<\/strong> vous offre la tranquillit\u00e9 d\u2019esprit de savoir que votre entreprise peut r\u00e9sister \u00e0 toute perturbation. De l\u2019imagerie syst\u00e8me \u00e0 la redondance cloud en passant par les options de basculement rapide, SurePath Recovery offre le <strong data-start=\"3348\" data-end=\"3389\">plus haut niveau de protection disponible<\/strong> pour les utilisateurs ERP de Trendex.<\/p>\n<p data-start=\"3414\" data-end=\"3619\">Peu importe le sc\u00e9nario \u2014 d\u00e9faillance de serveur, cyberattaque, catastrophe naturelle ou perte accidentelle de donn\u00e9es \u2014 <span style=\"color: #000000;\"><strong data-start=\"3508\" data-end=\"3619\">Trendex SurePath Recovery garantit que votre syst\u00e8me, vos donn\u00e9es et votre entreprise restent sur la bonne voie.<\/strong><\/span><\/p>\n<p>[\/vc_column_text][\/vc_column][\/vc_row][vc_row][vc_column][vc_single_image image=\u00a0\u00bb2590&Prime; img_size=\u00a0\u00bblarge\u00a0\u00bb alignment=\u00a0\u00bbright\u00a0\u00bb css=\u00a0\u00bb\u00a0\u00bb][\/vc_column][\/vc_row][vc_row][vc_column][vc_column_text css=\u00a0\u00bb.vc_custom_1764380051498{padding-top: 50px !important;}\u00a0\u00bb]<\/p>\n<h1 style=\"text-align: center;\"><span style=\"color: #014c90;\">Choisissez le niveau de protection qui vous convient le mieux avant d\u2019en avoir besoin!<\/span><\/h1>\n<p>[\/vc_column_text][\/vc_column][\/vc_row]<\/p>\n<\/div>","protected":false},"excerpt":{"rendered":"<p>[vc_row][vc_column][vc_video link=\u00a0\u00bbhttps:\/\/youtu.be\/pjIU3xfjbSk\u00a0\u00bb align=\u00a0\u00bbcenter\u00a0\u00bb css=\u00a0\u00bb\u00a0\u00bb][\/vc_column][\/vc_row][vc_row][vc_column][vc_column_text css=\u00a0\u00bb\u00a0\u00bb] Solutions de sauvegarde Trendex Prot\u00e9ger votre entreprise \u2014 chaque jour, peu importe quoi Vos donn\u00e9es sont essentielles au bon fonctionnement de votre entreprise. Trendex offre deux solutions puissantes de sauvegarde et de r\u00e9cup\u00e9ration con\u00e7ues sp\u00e9cifiquement pour les clients de Trendex, vous offrant confiance, s\u00e9curit\u00e9 et continuit\u00e9 dans toutes les situations&hellip;<\/p>\n","protected":false},"author":1,"featured_media":0,"parent":0,"menu_order":0,"comment_status":"closed","ping_status":"closed","template":"","meta":{"footnotes":""},"class_list":["post-2601","page","type-page","status-publish","hentry","description-off"],"yoast_head":"<!-- This site is optimized with the Yoast SEO plugin v25.7 - https:\/\/yoast.com\/wordpress\/plugins\/seo\/ -->\n<title>Solutions de sauvegarde Trendex - trendexsys.com<\/title>\n<meta name=\"robots\" content=\"index, follow, max-snippet:-1, max-image-preview:large, max-video-preview:-1\" \/>\n<link rel=\"canonical\" href=\"https:\/\/trendexsys.com\/fr-ca\/solutions-de-sauvegarde-trendex\/\" \/>\n<meta property=\"og:locale\" content=\"fr_CA\" \/>\n<meta property=\"og:type\" content=\"article\" \/>\n<meta property=\"og:title\" content=\"Solutions de sauvegarde Trendex - trendexsys.com\" \/>\n<meta property=\"og:description\" content=\"[vc_row][vc_column][vc_video link=\u00a0\u00bbhttps:\/\/youtu.be\/pjIU3xfjbSk\u00a0\u00bb align=\u00a0\u00bbcenter\u00a0\u00bb css=\u00a0\u00bb\u00a0\u00bb][\/vc_column][\/vc_row][vc_row][vc_column][vc_column_text css=\u00a0\u00bb\u00a0\u00bb] Solutions de sauvegarde Trendex Prot\u00e9ger votre entreprise \u2014 chaque jour, peu importe quoi Vos donn\u00e9es sont essentielles au bon fonctionnement de votre entreprise. Trendex offre deux solutions puissantes de sauvegarde et de r\u00e9cup\u00e9ration con\u00e7ues sp\u00e9cifiquement pour les clients de Trendex, vous offrant confiance, s\u00e9curit\u00e9 et continuit\u00e9 dans toutes les situations&hellip;\" \/>\n<meta property=\"og:url\" content=\"https:\/\/trendexsys.com\/fr-ca\/solutions-de-sauvegarde-trendex\/\" \/>\n<meta property=\"og:site_name\" content=\"trendexsys.com\" \/>\n<meta property=\"article:modified_time\" content=\"2026-01-15T22:12:57+00:00\" \/>\n<meta name=\"twitter:card\" content=\"summary_large_image\" \/>\n<meta name=\"twitter:label1\" content=\"Estimation du temps de lecture\" \/>\n\t<meta name=\"twitter:data1\" content=\"5 minutes\" \/>\n<script type=\"application\/ld+json\" class=\"yoast-schema-graph\">{\"@context\":\"https:\/\/schema.org\",\"@graph\":[{\"@type\":\"WebPage\",\"@id\":\"https:\/\/trendexsys.com\/fr-ca\/solutions-de-sauvegarde-trendex\/\",\"url\":\"https:\/\/trendexsys.com\/fr-ca\/solutions-de-sauvegarde-trendex\/\",\"name\":\"Solutions de sauvegarde Trendex - trendexsys.com\",\"isPartOf\":{\"@id\":\"http:\/\/trendexsys.com\/fr-ca\/#website\"},\"datePublished\":\"2025-11-28T22:59:39+00:00\",\"dateModified\":\"2026-01-15T22:12:57+00:00\",\"breadcrumb\":{\"@id\":\"https:\/\/trendexsys.com\/fr-ca\/solutions-de-sauvegarde-trendex\/#breadcrumb\"},\"inLanguage\":\"fr-CA\",\"potentialAction\":[{\"@type\":\"ReadAction\",\"target\":[\"https:\/\/trendexsys.com\/fr-ca\/solutions-de-sauvegarde-trendex\/\"]}]},{\"@type\":\"BreadcrumbList\",\"@id\":\"https:\/\/trendexsys.com\/fr-ca\/solutions-de-sauvegarde-trendex\/#breadcrumb\",\"itemListElement\":[{\"@type\":\"ListItem\",\"position\":1,\"name\":\"Home\",\"item\":\"https:\/\/trendexsys.com\/fr-ca\/\"},{\"@type\":\"ListItem\",\"position\":2,\"name\":\"Solutions de sauvegarde Trendex\"}]},{\"@type\":\"WebSite\",\"@id\":\"http:\/\/trendexsys.com\/fr-ca\/#website\",\"url\":\"http:\/\/trendexsys.com\/fr-ca\/\",\"name\":\"trendexsys.com\",\"description\":\"\",\"potentialAction\":[{\"@type\":\"SearchAction\",\"target\":{\"@type\":\"EntryPoint\",\"urlTemplate\":\"http:\/\/trendexsys.com\/fr-ca\/?s={search_term_string}\"},\"query-input\":{\"@type\":\"PropertyValueSpecification\",\"valueRequired\":true,\"valueName\":\"search_term_string\"}}],\"inLanguage\":\"fr-CA\"}]}<\/script>\n<!-- \/ Yoast SEO plugin. -->","yoast_head_json":{"title":"Solutions de sauvegarde Trendex - trendexsys.com","robots":{"index":"index","follow":"follow","max-snippet":"max-snippet:-1","max-image-preview":"max-image-preview:large","max-video-preview":"max-video-preview:-1"},"canonical":"https:\/\/trendexsys.com\/fr-ca\/solutions-de-sauvegarde-trendex\/","og_locale":"fr_CA","og_type":"article","og_title":"Solutions de sauvegarde Trendex - trendexsys.com","og_description":"[vc_row][vc_column][vc_video link=\u00a0\u00bbhttps:\/\/youtu.be\/pjIU3xfjbSk\u00a0\u00bb align=\u00a0\u00bbcenter\u00a0\u00bb css=\u00a0\u00bb\u00a0\u00bb][\/vc_column][\/vc_row][vc_row][vc_column][vc_column_text css=\u00a0\u00bb\u00a0\u00bb] Solutions de sauvegarde Trendex Prot\u00e9ger votre entreprise \u2014 chaque jour, peu importe quoi Vos donn\u00e9es sont essentielles au bon fonctionnement de votre entreprise. Trendex offre deux solutions puissantes de sauvegarde et de r\u00e9cup\u00e9ration con\u00e7ues sp\u00e9cifiquement pour les clients de Trendex, vous offrant confiance, s\u00e9curit\u00e9 et continuit\u00e9 dans toutes les situations&hellip;","og_url":"https:\/\/trendexsys.com\/fr-ca\/solutions-de-sauvegarde-trendex\/","og_site_name":"trendexsys.com","article_modified_time":"2026-01-15T22:12:57+00:00","twitter_card":"summary_large_image","twitter_misc":{"Estimation du temps de lecture":"5 minutes"},"schema":{"@context":"https:\/\/schema.org","@graph":[{"@type":"WebPage","@id":"https:\/\/trendexsys.com\/fr-ca\/solutions-de-sauvegarde-trendex\/","url":"https:\/\/trendexsys.com\/fr-ca\/solutions-de-sauvegarde-trendex\/","name":"Solutions de sauvegarde Trendex - trendexsys.com","isPartOf":{"@id":"http:\/\/trendexsys.com\/fr-ca\/#website"},"datePublished":"2025-11-28T22:59:39+00:00","dateModified":"2026-01-15T22:12:57+00:00","breadcrumb":{"@id":"https:\/\/trendexsys.com\/fr-ca\/solutions-de-sauvegarde-trendex\/#breadcrumb"},"inLanguage":"fr-CA","potentialAction":[{"@type":"ReadAction","target":["https:\/\/trendexsys.com\/fr-ca\/solutions-de-sauvegarde-trendex\/"]}]},{"@type":"BreadcrumbList","@id":"https:\/\/trendexsys.com\/fr-ca\/solutions-de-sauvegarde-trendex\/#breadcrumb","itemListElement":[{"@type":"ListItem","position":1,"name":"Home","item":"https:\/\/trendexsys.com\/fr-ca\/"},{"@type":"ListItem","position":2,"name":"Solutions de sauvegarde Trendex"}]},{"@type":"WebSite","@id":"http:\/\/trendexsys.com\/fr-ca\/#website","url":"http:\/\/trendexsys.com\/fr-ca\/","name":"trendexsys.com","description":"","potentialAction":[{"@type":"SearchAction","target":{"@type":"EntryPoint","urlTemplate":"http:\/\/trendexsys.com\/fr-ca\/?s={search_term_string}"},"query-input":{"@type":"PropertyValueSpecification","valueRequired":true,"valueName":"search_term_string"}}],"inLanguage":"fr-CA"}]}},"_links":{"self":[{"href":"https:\/\/trendexsys.com\/fr-ca\/wp-json\/wp\/v2\/pages\/2601","targetHints":{"allow":["GET"]}}],"collection":[{"href":"https:\/\/trendexsys.com\/fr-ca\/wp-json\/wp\/v2\/pages"}],"about":[{"href":"https:\/\/trendexsys.com\/fr-ca\/wp-json\/wp\/v2\/types\/page"}],"author":[{"embeddable":true,"href":"https:\/\/trendexsys.com\/fr-ca\/wp-json\/wp\/v2\/users\/1"}],"replies":[{"embeddable":true,"href":"https:\/\/trendexsys.com\/fr-ca\/wp-json\/wp\/v2\/comments?post=2601"}],"version-history":[{"count":9,"href":"https:\/\/trendexsys.com\/fr-ca\/wp-json\/wp\/v2\/pages\/2601\/revisions"}],"predecessor-version":[{"id":2620,"href":"https:\/\/trendexsys.com\/fr-ca\/wp-json\/wp\/v2\/pages\/2601\/revisions\/2620"}],"wp:attachment":[{"href":"https:\/\/trendexsys.com\/fr-ca\/wp-json\/wp\/v2\/media?parent=2601"}],"curies":[{"name":"wp","href":"https:\/\/api.w.org\/{rel}","templated":true}]}}