{"id":2479,"date":"2016-01-29T10:14:18","date_gmt":"2016-01-29T10:14:18","guid":{"rendered":"https:\/\/trendexsys.com\/temoignages\/"},"modified":"2025-09-02T16:30:19","modified_gmt":"2025-09-02T16:30:19","slug":"temoignages","status":"publish","type":"page","link":"https:\/\/trendexsys.com\/fr-ca\/temoignages\/","title":{"rendered":"T\u00e9moignages"},"content":{"rendered":"<div class=\"wpb-content-wrapper\"><p>[vc_row type=\u00a0\u00bbvc_default\u00a0\u00bb][vc_column css=\u00a0\u00bb.vc_custom_1498574979385{padding-top: 70px !important;padding-bottom: 70px !important;}\u00a0\u00bb]<style type=\"text\/css\" data-type=\"the7_shortcodes-inline-css\">.dt-testimonials-shortcode.testimonials-masonry-shortcode-id-e7e49838e89ec36e21c5a15c02c60726 .testimonial-item {\n  padding: 30px 30px 10px 30px;\n}\n.dt-testimonials-shortcode.testimonials-masonry-shortcode-id-e7e49838e89ec36e21c5a15c02c60726 .testimonial-name,\n.dt-testimonials-shortcode.testimonials-masonry-shortcode-id-e7e49838e89ec36e21c5a15c02c60726 .testimonial-name a,\n.dt-testimonials-shortcode.testimonials-masonry-shortcode-id-e7e49838e89ec36e21c5a15c02c60726 .testimonial-name span {\n  margin-bottom: 0px;\n  font-weight: bold;\n}\n.dt-testimonials-shortcode.testimonials-masonry-shortcode-id-e7e49838e89ec36e21c5a15c02c60726 .testimonial-position {\n  margin-bottom: 20px;\n}\n.dt-testimonials-shortcode.testimonials-masonry-shortcode-id-e7e49838e89ec36e21c5a15c02c60726 .testimonial-position,\n.dt-testimonials-shortcode.testimonials-masonry-shortcode-id-e7e49838e89ec36e21c5a15c02c60726 .testimonial-position span {\n  font-weight: bold;\n}\n.dt-testimonials-shortcode.testimonials-masonry-shortcode-id-e7e49838e89ec36e21c5a15c02c60726  .testimonial-avatar {\n  padding: 0px 20px 20px 0px;\n}\n.dt-testimonials-shortcode.testimonials-masonry-shortcode-id-e7e49838e89ec36e21c5a15c02c60726  .testimonial-avatar a,\n.dt-testimonials-shortcode.testimonials-masonry-shortcode-id-e7e49838e89ec36e21c5a15c02c60726  .testimonial-avatar span,\n.dt-testimonials-shortcode.testimonials-masonry-shortcode-id-e7e49838e89ec36e21c5a15c02c60726  .testimonial-avatar img {\n  max-width: 70px;\n}\n.dt-testimonials-shortcode.testimonials-masonry-shortcode-id-e7e49838e89ec36e21c5a15c02c60726 .dt-css-grid .testimonial-avatar img,\n.dt-testimonials-shortcode.testimonials-masonry-shortcode-id-e7e49838e89ec36e21c5a15c02c60726 .dt-css-grid .testimonial-avatar svg {\n  max-width: 100%;\n}\n.dt-testimonials-shortcode.testimonials-masonry-shortcode-id-e7e49838e89ec36e21c5a15c02c60726.layout-5:not(.hide-testimonial-avatar) .content-wrap,\n.dt-testimonials-shortcode.testimonials-masonry-shortcode-id-e7e49838e89ec36e21c5a15c02c60726.layout-6:not(.hide-testimonial-avatar) .content-wrap {\n  width: calc(100% - 70px - 20px - 0px);\n}\n.dt-testimonials-shortcode.testimonials-masonry-shortcode-id-e7e49838e89ec36e21c5a15c02c60726 .testimonial-content {\n  margin-bottom: 20px;\n}\n.dt-testimonials-shortcode.testimonials-masonry-shortcode-id-e7e49838e89ec36e21c5a15c02c60726  .testimonial-avatar,\n.dt-testimonials-shortcode.testimonials-masonry-shortcode-id-e7e49838e89ec36e21c5a15c02c60726  .testimonial-avatar a.rollover,\n.dt-testimonials-shortcode.testimonials-masonry-shortcode-id-e7e49838e89ec36e21c5a15c02c60726  .testimonial-avatar a.rollover *,\n.dt-testimonials-shortcode.testimonials-masonry-shortcode-id-e7e49838e89ec36e21c5a15c02c60726  .testimonial-avatar img,\n.dt-testimonials-shortcode.testimonials-masonry-shortcode-id-e7e49838e89ec36e21c5a15c02c60726  .testimonial-avatar .no-avatar,\n.dt-testimonials-shortcode.testimonials-masonry-shortcode-id-e7e49838e89ec36e21c5a15c02c60726  .testim-no-avatar {\n  border-radius: 60px;\n}\n.dt-testimonials-shortcode.testimonials-masonry-shortcode-id-e7e49838e89ec36e21c5a15c02c60726  .testimonial-avatar .no-avatar {\n  height: 70px;\n}\n.dt-testimonials-shortcode.testimonials-masonry-shortcode-id-e7e49838e89ec36e21c5a15c02c60726  .testimonial-avatar .no-avatar {\n  font-size: 70px;\n  width: 70px;\n}\n.dt-testimonials-shortcode.testimonials-masonry-shortcode-id-e7e49838e89ec36e21c5a15c02c60726 .filter-bg-decoration .filter-categories a.act {\n  color: #fff;\n}\n.dt-testimonials-shortcode.testimonials-masonry-shortcode-id-e7e49838e89ec36e21c5a15c02c60726:not(.resize-by-browser-width) .dt-css-grid {\n  grid-row-gap: 30px;\n  grid-column-gap: 30px;\n  grid-template-columns: repeat(auto-fill,minmax(,1fr));\n}\n.cssgridlegacy.no-cssgrid .dt-testimonials-shortcode.testimonials-masonry-shortcode-id-e7e49838e89ec36e21c5a15c02c60726:not(.resize-by-browser-width) .dt-css-grid,\n.no-cssgridlegacy.no-cssgrid .dt-testimonials-shortcode.testimonials-masonry-shortcode-id-e7e49838e89ec36e21c5a15c02c60726:not(.resize-by-browser-width) .dt-css-grid {\n  display: flex;\n  flex-flow: row wrap;\n  margin: -15px;\n}\n.cssgridlegacy.no-cssgrid .dt-testimonials-shortcode.testimonials-masonry-shortcode-id-e7e49838e89ec36e21c5a15c02c60726:not(.resize-by-browser-width) .dt-css-grid .wf-cell,\n.no-cssgridlegacy.no-cssgrid .dt-testimonials-shortcode.testimonials-masonry-shortcode-id-e7e49838e89ec36e21c5a15c02c60726:not(.resize-by-browser-width) .dt-css-grid .wf-cell {\n  flex: 1 0 ;\n  max-width: 100%;\n  padding: 15px;\n  box-sizing: border-box;\n}\n.dt-testimonials-shortcode.testimonials-masonry-shortcode-id-e7e49838e89ec36e21c5a15c02c60726.resize-by-browser-width .dt-css-grid {\n  grid-template-columns: repeat(3,1fr);\n  grid-template-rows: auto;\n  grid-column-gap: 30px;\n  grid-row-gap: 30px;\n}\n.cssgridlegacy.no-cssgrid .dt-testimonials-shortcode.testimonials-masonry-shortcode-id-e7e49838e89ec36e21c5a15c02c60726.resize-by-browser-width .dt-css-grid,\n.no-cssgridlegacy.no-cssgrid .dt-testimonials-shortcode.testimonials-masonry-shortcode-id-e7e49838e89ec36e21c5a15c02c60726.resize-by-browser-width .dt-css-grid {\n  margin: -15px;\n}\n.cssgridlegacy.no-cssgrid .dt-testimonials-shortcode.testimonials-masonry-shortcode-id-e7e49838e89ec36e21c5a15c02c60726.resize-by-browser-width .dt-css-grid .wf-cell,\n.no-cssgridlegacy.no-cssgrid .dt-testimonials-shortcode.testimonials-masonry-shortcode-id-e7e49838e89ec36e21c5a15c02c60726.resize-by-browser-width .dt-css-grid .wf-cell {\n  width: 33.333333333333%;\n  padding: 15px;\n}\n@media screen and (max-width: 1199px) {\n  .dt-testimonials-shortcode.testimonials-masonry-shortcode-id-e7e49838e89ec36e21c5a15c02c60726.resize-by-browser-width .dt-css-grid {\n    grid-template-columns: repeat(3,1fr);\n  }\n  .cssgridlegacy.no-cssgrid .dt-testimonials-shortcode.testimonials-masonry-shortcode-id-e7e49838e89ec36e21c5a15c02c60726.resize-by-browser-width .dt-css-grid .wf-cell,\n  .no-cssgridlegacy.no-cssgrid .dt-testimonials-shortcode.testimonials-masonry-shortcode-id-e7e49838e89ec36e21c5a15c02c60726.resize-by-browser-width .dt-css-grid .wf-cell {\n    width: 33.333333333333%;\n  }\n}\n@media screen and (max-width: 991px) {\n  .dt-testimonials-shortcode.testimonials-masonry-shortcode-id-e7e49838e89ec36e21c5a15c02c60726.resize-by-browser-width .dt-css-grid {\n    grid-template-columns: repeat(2,1fr);\n  }\n  .cssgridlegacy.no-cssgrid .dt-testimonials-shortcode.testimonials-masonry-shortcode-id-e7e49838e89ec36e21c5a15c02c60726.resize-by-browser-width .dt-css-grid .wf-cell,\n  .no-cssgridlegacy.no-cssgrid .dt-testimonials-shortcode.testimonials-masonry-shortcode-id-e7e49838e89ec36e21c5a15c02c60726.resize-by-browser-width .dt-css-grid .wf-cell {\n    width: 50%;\n  }\n}\n@media screen and (max-width: 767px) {\n  .dt-testimonials-shortcode.testimonials-masonry-shortcode-id-e7e49838e89ec36e21c5a15c02c60726.resize-by-browser-width .dt-css-grid {\n    grid-template-columns: repeat(1,1fr);\n  }\n  .cssgridlegacy.no-cssgrid .dt-testimonials-shortcode.testimonials-masonry-shortcode-id-e7e49838e89ec36e21c5a15c02c60726.resize-by-browser-width .dt-css-grid .wf-cell,\n  .no-cssgridlegacy.no-cssgrid .dt-testimonials-shortcode.testimonials-masonry-shortcode-id-e7e49838e89ec36e21c5a15c02c60726.resize-by-browser-width .dt-css-grid .wf-cell {\n    width: 100%;\n  }\n}\n<\/style><div class=\"dt-testimonials-masonry-shortcode dt-testimonials-shortcode testimonials-masonry-shortcode-id-e7e49838e89ec36e21c5a15c02c60726 loading-effect-none content-align-left mode-masonry content-bg-on layout-3 scale-img jquery-filter resize-by-browser-width  \" data-padding=\"15px\" data-cur-page=\"1\" data-post-limit=\"-1\" data-pagination-mode=\"none\" data-desktop-columns-num=\"3\" data-v-tablet-columns-num=\"2\" data-h-tablet-columns-num=\"3\" data-phone-columns-num=\"1\" data-width=\"0px\" data-columns=\"0\"><div class=\"iso-container\" ><div class=\"visible wf-cell iso-item\" data-post-id=\"2450\" data-date=\"2025-08-20T20:12:20-04:00\" data-name=\"Brenda Ladermann\"><div class=\"testimonial-item post visible\"><div class=\"testimonial-author\"><div class=\"testimonial-avatar\"><span class=\"testimonial-thumb layzr-bg\"><img decoding=\"async\" class=\"preload-me iso-lazy-load aspect\" src=\"data:image\/svg+xml,%3Csvg%20xmlns%3D&#39;http%3A%2F%2Fwww.w3.org%2F2000%2Fsvg&#39;%20viewBox%3D&#39;0%200%2070%2070&#39;%2F%3E\" data-src=\"https:\/\/trendexsys.com\/wp-content\/uploads\/2025\/08\/GTW_Logo-Resized-1-70x70.jpg\" data-srcset=\"https:\/\/trendexsys.com\/wp-content\/uploads\/2025\/08\/GTW_Logo-Resized-1-70x70.jpg 70w, https:\/\/trendexsys.com\/wp-content\/uploads\/2025\/08\/GTW_Logo-Resized-1-140x140.jpg 140w\" loading=\"eager\" style=\"--ratio: 70 \/ 70\" sizes=\"(max-width: 70px) 100vw, 70px\" width=\"70\" height=\"70\"   alt=\"\" \/><\/span><\/div><div class=\"testimonial-vcard\"><div class=\"testimonial-name\"><span class=\"text-primary\">Brenda Ladermann<\/span><br \/><\/div><div class=\"testimonial-position\"><span class=\"text-secondary color-secondary\">Contr\u00f4leur, Fournitures de soudage GTW<\/span><\/div><\/div><\/div><div class=\"testimonial-content\"><p>Nous pensons que la croissance de notre entreprise est \u00e9gal\u00e9e par le soutien et les mises \u00e0 jour logicielles fournies par Trendex.<\/p>\n<\/div><\/div><\/div><div class=\"visible wf-cell iso-item\" data-post-id=\"2451\" data-date=\"2025-08-20T19:56:35-04:00\" data-name=\"Jan Aubrey Fogle\"><div class=\"testimonial-item post visible\"><div class=\"testimonial-author\"><div class=\"testimonial-avatar\"><span class=\"testimonial-thumb layzr-bg\"><img decoding=\"async\" class=\"preload-me iso-lazy-load aspect\" src=\"data:image\/svg+xml,%3Csvg%20xmlns%3D&#39;http%3A%2F%2Fwww.w3.org%2F2000%2Fsvg&#39;%20viewBox%3D&#39;0%200%2070%2070&#39;%2F%3E\" data-src=\"https:\/\/trendexsys.com\/wp-content\/uploads\/2025\/08\/souther-supply-co-70x70.jpg\" data-srcset=\"https:\/\/trendexsys.com\/wp-content\/uploads\/2025\/08\/souther-supply-co-70x70.jpg 70w, https:\/\/trendexsys.com\/wp-content\/uploads\/2025\/08\/souther-supply-co-140x140.jpg 140w\" loading=\"eager\" style=\"--ratio: 70 \/ 70\" sizes=\"(max-width: 70px) 100vw, 70px\" width=\"70\" height=\"70\"   alt=\"\" \/><\/span><\/div><div class=\"testimonial-vcard\"><div class=\"testimonial-name\"><span class=\"text-primary\">Jan Aubrey Fogle<\/span><br \/><\/div><div class=\"testimonial-position\"><span class=\"text-secondary color-secondary\">Pr\u00e9sident, Southern Welders Supply Co.<\/span><\/div><\/div><\/div><div class=\"testimonial-content\"><p>L\u2019aspect de Trendex qui m\u2019attire le plus&#8230; le fait qu\u2019un soutien technique complet soit \u00e0 port\u00e9e de t\u00e9l\u00e9phone&#8230; n\u2019est pas seulement possible avec Trendex, mais de s\u00e9rie.<\/p>\n<\/div><\/div><\/div><div class=\"visible wf-cell iso-item\" data-post-id=\"2452\" data-date=\"2025-08-20T19:54:53-04:00\" data-name=\"Robert (Bobby) Wrenn\"><div class=\"testimonial-item post visible\"><div class=\"testimonial-author\"><div class=\"testimonial-avatar\"><span class=\"testimonial-thumb layzr-bg\"><img decoding=\"async\" class=\"preload-me iso-lazy-load aspect\" src=\"data:image\/svg+xml,%3Csvg%20xmlns%3D&#39;http%3A%2F%2Fwww.w3.org%2F2000%2Fsvg&#39;%20viewBox%3D&#39;0%200%2070%2070&#39;%2F%3E\" data-src=\"https:\/\/trendexsys.com\/wp-content\/uploads\/2025\/08\/SouthernOxygen-3-70x70.jpg\" data-srcset=\"https:\/\/trendexsys.com\/wp-content\/uploads\/2025\/08\/SouthernOxygen-3-70x70.jpg 70w, https:\/\/trendexsys.com\/wp-content\/uploads\/2025\/08\/SouthernOxygen-3-140x140.jpg 140w\" loading=\"eager\" style=\"--ratio: 70 \/ 70\" sizes=\"(max-width: 70px) 100vw, 70px\" width=\"70\" height=\"70\"   alt=\"\" \/><\/span><\/div><div class=\"testimonial-vcard\"><div class=\"testimonial-name\"><span class=\"text-primary\">Robert (Bobby) Wrenn<\/span><br \/><\/div><div class=\"testimonial-position\"><span class=\"text-secondary color-secondary\">Pr\u00e9sident, Southern Oxygen & Welding Supply  <\/span><\/div><\/div><\/div><div class=\"testimonial-content\"><p>Le personnel de Trendex est incroyable. Toutes les questions ou tous les probl\u00e8mes que nous avons eus ont \u00e9t\u00e9 trait\u00e9s rapidement et professionnellement. Et cela ne signifie pas seulement du lundi au vendredi, de 8 h \u00e0 17 h.<\/p>\n<\/div><\/div><\/div><div class=\"visible wf-cell iso-item\" data-post-id=\"2453\" data-date=\"2025-08-20T19:31:33-04:00\" data-name=\"Pierre Bissonnette\"><div class=\"testimonial-item post visible\"><div class=\"testimonial-author\"><div class=\"testimonial-avatar\"><span class=\"testimonial-thumb layzr-bg\"><img decoding=\"async\" class=\"preload-me iso-lazy-load aspect\" src=\"data:image\/svg+xml,%3Csvg%20xmlns%3D&#39;http%3A%2F%2Fwww.w3.org%2F2000%2Fsvg&#39;%20viewBox%3D&#39;0%200%2070%2070&#39;%2F%3E\" data-src=\"https:\/\/trendexsys.com\/wp-content\/uploads\/2025\/08\/We-Supply-It-70x70.jpg\" data-srcset=\"https:\/\/trendexsys.com\/wp-content\/uploads\/2025\/08\/We-Supply-It-70x70.jpg 70w, https:\/\/trendexsys.com\/wp-content\/uploads\/2025\/08\/We-Supply-It-140x140.jpg 140w\" loading=\"eager\" style=\"--ratio: 70 \/ 70\" sizes=\"(max-width: 70px) 100vw, 70px\" width=\"70\" height=\"70\"   alt=\"\" \/><\/span><\/div><div class=\"testimonial-vcard\"><div class=\"testimonial-name\"><span class=\"text-primary\">Pierre Bissonnette<\/span><br \/><\/div><div class=\"testimonial-position\"><span class=\"text-secondary color-secondary\">Pr\u00e9sident, Approvisionnement industriel et de s\u00e9curit\u00e9 Saint-Laurent  <\/span><\/div><\/div><\/div><div class=\"testimonial-content\"><p>Avec des milliers de bouteilles de gaz en circulation, le logiciel Trendex nous aide \u00e0 suivre chaque bouteille avec notre vaste client\u00e8le.<\/p>\n<\/div><\/div><\/div><div class=\"visible wf-cell iso-item\" data-post-id=\"2454\" data-date=\"2025-08-20T19:28:44-04:00\" data-name=\"Bill A. Visintainer\"><div class=\"testimonial-item post visible\"><div class=\"testimonial-author\"><div class=\"testimonial-avatar\"><span class=\"testimonial-thumb layzr-bg\"><img decoding=\"async\" class=\"preload-me iso-lazy-load aspect\" src=\"data:image\/svg+xml,%3Csvg%20xmlns%3D&#39;http%3A%2F%2Fwww.w3.org%2F2000%2Fsvg&#39;%20viewBox%3D&#39;0%200%2070%2070&#39;%2F%3E\" data-src=\"https:\/\/trendexsys.com\/wp-content\/uploads\/2025\/08\/Atlas-Logo-70x70.jpg\" data-srcset=\"https:\/\/trendexsys.com\/wp-content\/uploads\/2025\/08\/Atlas-Logo-70x70.jpg 70w, https:\/\/trendexsys.com\/wp-content\/uploads\/2025\/08\/Atlas-Logo-140x140.jpg 140w\" loading=\"eager\" style=\"--ratio: 70 \/ 70\" sizes=\"(max-width: 70px) 100vw, 70px\" width=\"70\" height=\"70\"   alt=\"\" \/><\/span><\/div><div class=\"testimonial-vcard\"><div class=\"testimonial-name\"><span class=\"text-primary\">Bill A. Visintainer<\/span><br \/><\/div><div class=\"testimonial-position\"><span class=\"text-secondary color-secondary\">Pr\u00e9sident, Atlas Welding<\/span><\/div><\/div><\/div><div class=\"testimonial-content\"><p>Huit ans plus tard et plus de 4 fois plus grand, nous continuons d\u2019\u00eatre enti\u00e8rement satisfaits de notre d\u00e9cision de nous associer \u00e0 Trendex. L\u2019\u00e9quipe Trendex comprend parfaitement notre industrie et fournit constamment l\u2019information dont nous avons besoin pour g\u00e9rer notre entreprise. <\/p>\n<\/div><\/div><\/div><div class=\"visible wf-cell iso-item\" data-post-id=\"2455\" data-date=\"2025-08-20T19:24:02-04:00\" data-name=\"Gary Holbrook\"><div class=\"testimonial-item post visible\"><div class=\"testimonial-author\"><div class=\"testimonial-avatar\"><span class=\"testimonial-thumb layzr-bg\"><img decoding=\"async\" class=\"preload-me iso-lazy-load aspect\" src=\"data:image\/svg+xml,%3Csvg%20xmlns%3D&#39;http%3A%2F%2Fwww.w3.org%2F2000%2Fsvg&#39;%20viewBox%3D&#39;0%200%2070%2070&#39;%2F%3E\" data-src=\"https:\/\/trendexsys.com\/wp-content\/uploads\/2025\/08\/Advanced-Gases-Logo-70x70.jpg\" data-srcset=\"https:\/\/trendexsys.com\/wp-content\/uploads\/2025\/08\/Advanced-Gases-Logo-70x70.jpg 70w, https:\/\/trendexsys.com\/wp-content\/uploads\/2025\/08\/Advanced-Gases-Logo-140x140.jpg 140w\" loading=\"eager\" style=\"--ratio: 70 \/ 70\" sizes=\"(max-width: 70px) 100vw, 70px\" width=\"70\" height=\"70\"   alt=\"\" \/><\/span><\/div><div class=\"testimonial-vcard\"><div class=\"testimonial-name\"><span class=\"text-primary\">Gary Holbrook<\/span><br \/><\/div><div class=\"testimonial-position\"><\/div><\/div><\/div><div class=\"testimonial-content\"><p>Le service qu\u2019ils nous ont fourni apr\u00e8s la vente \u00e9tait, sans aucun doute, excellent. Le syst\u00e8me est tr\u00e8s complet, convivial et diversifi\u00e9. Nous sommes tr\u00e8s satisfaits du syst\u00e8me logiciel et surtout des personnes derri\u00e8re le syst\u00e8me.  <\/p>\n<\/div><\/div><\/div><div class=\"visible wf-cell iso-item\" data-post-id=\"2456\" data-date=\"2025-08-20T19:20:50-04:00\" data-name=\"Carmelo LaBarbera\"><div class=\"testimonial-item post visible\"><div class=\"testimonial-author\"><div class=\"testimonial-avatar\"><span class=\"testimonial-thumb layzr-bg\"><img decoding=\"async\" class=\"preload-me iso-lazy-load aspect\" src=\"data:image\/svg+xml,%3Csvg%20xmlns%3D&#39;http%3A%2F%2Fwww.w3.org%2F2000%2Fsvg&#39;%20viewBox%3D&#39;0%200%2070%2070&#39;%2F%3E\" data-src=\"https:\/\/trendexsys.com\/wp-content\/uploads\/2025\/08\/Soudair-Resized-70x70.jpg\" data-srcset=\"https:\/\/trendexsys.com\/wp-content\/uploads\/2025\/08\/Soudair-Resized-70x70.jpg 70w, https:\/\/trendexsys.com\/wp-content\/uploads\/2025\/08\/Soudair-Resized-140x140.jpg 140w\" loading=\"eager\" style=\"--ratio: 70 \/ 70\" sizes=\"(max-width: 70px) 100vw, 70px\" width=\"70\" height=\"70\"   alt=\"\" \/><\/span><\/div><div class=\"testimonial-vcard\"><div class=\"testimonial-name\"><span class=\"text-primary\">Carmelo LaBarbera<\/span><br \/><\/div><div class=\"testimonial-position\"><span class=\"text-secondary color-secondary\">Pr\u00e9sident, Soudair Inc<\/span><\/div><\/div><\/div><div class=\"testimonial-content\"><p>Nos v\u00e9rificateurs ont qualifi\u00e9 Gastrend de syst\u00e8me le plus complet sur lequel ils aient jamais travaill\u00e9.<\/p>\n<\/div><\/div><\/div><div class=\"visible wf-cell iso-item\" data-post-id=\"2457\" data-date=\"2025-08-20T19:15:33-04:00\" data-name=\"James Wright\"><div class=\"testimonial-item post visible\"><div class=\"testimonial-author\"><div class=\"testimonial-avatar\"><span class=\"testimonial-thumb layzr-bg\"><img decoding=\"async\" class=\"preload-me iso-lazy-load aspect\" src=\"data:image\/svg+xml,%3Csvg%20xmlns%3D&#39;http%3A%2F%2Fwww.w3.org%2F2000%2Fsvg&#39;%20viewBox%3D&#39;0%200%2070%2070&#39;%2F%3E\" data-src=\"https:\/\/trendexsys.com\/wp-content\/uploads\/2017\/06\/Argyle-70x70.png\" data-srcset=\"https:\/\/trendexsys.com\/wp-content\/uploads\/2017\/06\/Argyle-70x70.png 70w, https:\/\/trendexsys.com\/wp-content\/uploads\/2017\/06\/Argyle-140x140.png 140w\" loading=\"eager\" style=\"--ratio: 70 \/ 70\" sizes=\"(max-width: 70px) 100vw, 70px\" width=\"70\" height=\"70\"   alt=\"\" \/><\/span><\/div><div class=\"testimonial-vcard\"><div class=\"testimonial-name\"><span class=\"text-primary\">James Wright<\/span><br \/><\/div><div class=\"testimonial-position\"><span class=\"text-secondary color-secondary\">Pr\u00e9sident, Argyle Welding Supply<\/span><\/div><\/div><\/div><div class=\"testimonial-content\"><p>Depuis le lancement du programme Gastrend, nous avons constat\u00e9 d\u2019\u00e9normes gains d\u2019efficacit\u00e9 et de circulation de l\u2019information.<\/p>\n<\/div><\/div><\/div><\/div><!-- iso-container|iso-grid --><\/div>[\/vc_column][\/vc_row]<\/p>\n<\/div>","protected":false},"excerpt":{"rendered":"<p>[vc_row type=\u00a0\u00bbvc_default\u00a0\u00bb][vc_column css=\u00a0\u00bb.vc_custom_1498574979385{padding-top: 70px !important;padding-bottom: 70px !important;}\u00a0\u00bb][\/vc_column][\/vc_row]<\/p>\n","protected":false},"author":1,"featured_media":0,"parent":0,"menu_order":500,"comment_status":"closed","ping_status":"closed","template":"","meta":{"footnotes":""},"class_list":["post-2479","page","type-page","status-publish","hentry","description-off"],"yoast_head":"<!-- This site is optimized with the Yoast SEO plugin v25.7 - https:\/\/yoast.com\/wordpress\/plugins\/seo\/ -->\n<title>T\u00e9moignages - trendexsys.com<\/title>\n<meta name=\"robots\" content=\"index, follow, max-snippet:-1, max-image-preview:large, max-video-preview:-1\" \/>\n<link rel=\"canonical\" href=\"https:\/\/trendexsys.com\/fr-ca\/temoignages\/\" \/>\n<meta property=\"og:locale\" content=\"fr_CA\" \/>\n<meta property=\"og:type\" content=\"article\" \/>\n<meta property=\"og:title\" content=\"T\u00e9moignages - trendexsys.com\" \/>\n<meta property=\"og:description\" content=\"[vc_row type=\u00a0\u00bbvc_default\u00a0\u00bb][vc_column css=\u00a0\u00bb.vc_custom_1498574979385{padding-top: 70px !important;padding-bottom: 70px !important;}\u00a0\u00bb][\/vc_column][\/vc_row]\" \/>\n<meta property=\"og:url\" content=\"https:\/\/trendexsys.com\/fr-ca\/temoignages\/\" \/>\n<meta property=\"og:site_name\" content=\"trendexsys.com\" \/>\n<meta property=\"article:modified_time\" content=\"2025-09-02T16:30:19+00:00\" \/>\n<meta name=\"twitter:card\" content=\"summary_large_image\" \/>\n<script type=\"application\/ld+json\" class=\"yoast-schema-graph\">{\"@context\":\"https:\/\/schema.org\",\"@graph\":[{\"@type\":\"WebPage\",\"@id\":\"https:\/\/trendexsys.com\/fr-ca\/temoignages\/\",\"url\":\"https:\/\/trendexsys.com\/fr-ca\/temoignages\/\",\"name\":\"T\u00e9moignages - trendexsys.com\",\"isPartOf\":{\"@id\":\"http:\/\/trendexsys.com\/fr-ca\/#website\"},\"datePublished\":\"2016-01-29T10:14:18+00:00\",\"dateModified\":\"2025-09-02T16:30:19+00:00\",\"breadcrumb\":{\"@id\":\"https:\/\/trendexsys.com\/fr-ca\/temoignages\/#breadcrumb\"},\"inLanguage\":\"fr-CA\",\"potentialAction\":[{\"@type\":\"ReadAction\",\"target\":[\"https:\/\/trendexsys.com\/fr-ca\/temoignages\/\"]}]},{\"@type\":\"BreadcrumbList\",\"@id\":\"https:\/\/trendexsys.com\/fr-ca\/temoignages\/#breadcrumb\",\"itemListElement\":[{\"@type\":\"ListItem\",\"position\":1,\"name\":\"Home\",\"item\":\"https:\/\/trendexsys.com\/fr-ca\/\"},{\"@type\":\"ListItem\",\"position\":2,\"name\":\"T\u00e9moignages\"}]},{\"@type\":\"WebSite\",\"@id\":\"http:\/\/trendexsys.com\/fr-ca\/#website\",\"url\":\"http:\/\/trendexsys.com\/fr-ca\/\",\"name\":\"trendexsys.com\",\"description\":\"\",\"potentialAction\":[{\"@type\":\"SearchAction\",\"target\":{\"@type\":\"EntryPoint\",\"urlTemplate\":\"http:\/\/trendexsys.com\/fr-ca\/?s={search_term_string}\"},\"query-input\":{\"@type\":\"PropertyValueSpecification\",\"valueRequired\":true,\"valueName\":\"search_term_string\"}}],\"inLanguage\":\"fr-CA\"}]}<\/script>\n<!-- \/ Yoast SEO plugin. -->","yoast_head_json":{"title":"T\u00e9moignages - trendexsys.com","robots":{"index":"index","follow":"follow","max-snippet":"max-snippet:-1","max-image-preview":"max-image-preview:large","max-video-preview":"max-video-preview:-1"},"canonical":"https:\/\/trendexsys.com\/fr-ca\/temoignages\/","og_locale":"fr_CA","og_type":"article","og_title":"T\u00e9moignages - trendexsys.com","og_description":"[vc_row type=\u00a0\u00bbvc_default\u00a0\u00bb][vc_column css=\u00a0\u00bb.vc_custom_1498574979385{padding-top: 70px !important;padding-bottom: 70px !important;}\u00a0\u00bb][\/vc_column][\/vc_row]","og_url":"https:\/\/trendexsys.com\/fr-ca\/temoignages\/","og_site_name":"trendexsys.com","article_modified_time":"2025-09-02T16:30:19+00:00","twitter_card":"summary_large_image","schema":{"@context":"https:\/\/schema.org","@graph":[{"@type":"WebPage","@id":"https:\/\/trendexsys.com\/fr-ca\/temoignages\/","url":"https:\/\/trendexsys.com\/fr-ca\/temoignages\/","name":"T\u00e9moignages - trendexsys.com","isPartOf":{"@id":"http:\/\/trendexsys.com\/fr-ca\/#website"},"datePublished":"2016-01-29T10:14:18+00:00","dateModified":"2025-09-02T16:30:19+00:00","breadcrumb":{"@id":"https:\/\/trendexsys.com\/fr-ca\/temoignages\/#breadcrumb"},"inLanguage":"fr-CA","potentialAction":[{"@type":"ReadAction","target":["https:\/\/trendexsys.com\/fr-ca\/temoignages\/"]}]},{"@type":"BreadcrumbList","@id":"https:\/\/trendexsys.com\/fr-ca\/temoignages\/#breadcrumb","itemListElement":[{"@type":"ListItem","position":1,"name":"Home","item":"https:\/\/trendexsys.com\/fr-ca\/"},{"@type":"ListItem","position":2,"name":"T\u00e9moignages"}]},{"@type":"WebSite","@id":"http:\/\/trendexsys.com\/fr-ca\/#website","url":"http:\/\/trendexsys.com\/fr-ca\/","name":"trendexsys.com","description":"","potentialAction":[{"@type":"SearchAction","target":{"@type":"EntryPoint","urlTemplate":"http:\/\/trendexsys.com\/fr-ca\/?s={search_term_string}"},"query-input":{"@type":"PropertyValueSpecification","valueRequired":true,"valueName":"search_term_string"}}],"inLanguage":"fr-CA"}]}},"_links":{"self":[{"href":"https:\/\/trendexsys.com\/fr-ca\/wp-json\/wp\/v2\/pages\/2479","targetHints":{"allow":["GET"]}}],"collection":[{"href":"https:\/\/trendexsys.com\/fr-ca\/wp-json\/wp\/v2\/pages"}],"about":[{"href":"https:\/\/trendexsys.com\/fr-ca\/wp-json\/wp\/v2\/types\/page"}],"author":[{"embeddable":true,"href":"https:\/\/trendexsys.com\/fr-ca\/wp-json\/wp\/v2\/users\/1"}],"replies":[{"embeddable":true,"href":"https:\/\/trendexsys.com\/fr-ca\/wp-json\/wp\/v2\/comments?post=2479"}],"version-history":[{"count":1,"href":"https:\/\/trendexsys.com\/fr-ca\/wp-json\/wp\/v2\/pages\/2479\/revisions"}],"predecessor-version":[{"id":2480,"href":"https:\/\/trendexsys.com\/fr-ca\/wp-json\/wp\/v2\/pages\/2479\/revisions\/2480"}],"wp:attachment":[{"href":"https:\/\/trendexsys.com\/fr-ca\/wp-json\/wp\/v2\/media?parent=2479"}],"curies":[{"name":"wp","href":"https:\/\/api.w.org\/{rel}","templated":true}]}}