{"id":2400,"date":"2025-02-25T01:13:00","date_gmt":"2025-02-25T01:13:00","guid":{"rendered":"https:\/\/trendexsys.com\/planification-et-mise-en-oeuvre-de-la-migration\/"},"modified":"2025-08-21T23:46:10","modified_gmt":"2025-08-21T23:46:10","slug":"planification-et-mise-en-oeuvre-de-la-migration","status":"publish","type":"page","link":"https:\/\/trendexsys.com\/fr-ca\/planification-et-mise-en-oeuvre-de-la-migration\/","title":{"rendered":"Planification et mise en \u0153uvre de la migration"},"content":{"rendered":"<h2 data-pm-slice=\"1 1 []\"><strong>Planification de la migration et mise en \u0153uvre transparentes du syst\u00e8me<\/strong><\/h2>\n<p>&nbsp;<\/p>\n<h3><strong>Une transition en douceur vers Trendex GasTrend\u2122<\/strong><\/h3>\n<p>Lorsque vous choisissez le logiciel GasTrend\u2122 de Trendex, vous n\u2019obtenez pas seulement un puissant syst\u00e8me ERP\/PGI \u2014 vous b\u00e9n\u00e9ficiez \u00e9galement de notre service complet de planification de migration et de mise en \u0153uvre du syst\u00e8me, inclus avec votre achat. Nous comprenons que la transition vers un nouveau syst\u00e8me ERP\/PGI peut \u00eatre un processus complexe, c\u2019est pourquoi nous assurons une mise en \u0153uvre transparente, structur\u00e9e et efficace adapt\u00e9e aux besoins de votre entreprise.<\/p>\n<p><strong>Conseils d\u2019experts \u00e0 chaque \u00e9tape du processus<\/strong> Notre \u00e9quipe d\u2019experts travaillera en \u00e9troite collaboration avec vous pour planifier, ex\u00e9cuter et optimiser la migration de votre syst\u00e8me. Qu\u2019il s\u2019agisse d\u2019une mise \u00e0 niveau \u00e0 partir d\u2019un syst\u00e8me existant ou de la consolidation de plusieurs sources de donn\u00e9es, nous fournissons une feuille de route \u00e9tape par \u00e9tape pour minimiser les temps d\u2019arr\u00eat et maximiser l\u2019efficacit\u00e9.<\/p>\n<h3><\/h3>\n<h3><strong>Principaux aspects de notre service de migration et de mise en \u0153uvre :<\/strong><\/h3>\n<ul data-spread=\"false\">\n<li><strong>Planification globale :<\/strong> Nous \u00e9valuons votre syst\u00e8me actuel, identifions les principales exigences et \u00e9laborons un plan strat\u00e9gique de migration.<\/li>\n<li><strong>Int\u00e9grit\u00e9 et s\u00e9curit\u00e9 des donn\u00e9es :<\/strong> Notre processus de migration garantit un transfert pr\u00e9cis des donn\u00e9es tout en maintenant la s\u00e9curit\u00e9 et la conformit\u00e9.<\/li>\n<li><strong>Mise en \u0153uvre personnalis\u00e9e :<\/strong> Nous adaptons le processus de d\u00e9ploiement pour qu\u2019il s\u2019aligne sur votre structure d\u2019entreprise et vos flux de travail op\u00e9rationnels.<\/li>\n<li><strong>Configuration multi-utilisateurs et multi-entreprises :<\/strong> Configurez facilement le logiciel pour plusieurs emplacements et entit\u00e9s commerciales.<\/li>\n<li><strong>Formation et soutien :<\/strong> Notre \u00e9quipe offre une formation approfondie pour s\u2019assurer que votre personnel est \u00e9quip\u00e9 pour maximiser les capacit\u00e9s du logiciel.<\/li>\n<\/ul>\n<p><strong>Pr\u00e9parez votre entreprise pour l\u2019avenir avec Trendex<\/strong> Gr\u00e2ce \u00e0 nos solutions logicielles innovantes, flexibles et pr\u00eates pour l\u2019avenir, Trendex garantit que votre exp\u00e9rience de migration et de mise en \u0153uvre se d\u00e9roule sans probl\u00e8me et sans tracas. Notre engagement envers l\u2019am\u00e9lioration continue et la collaboration avec les clients signifie que votre entreprise gardera toujours une longueur d\u2019avance.<\/p>\n<p>&nbsp;<\/p>\n<h3>D\u00e9couvrez la puissance d\u2019une transition ERP\/PGI bien planifi\u00e9e avec Trendex GasTrend\u2122. Laissez-nous g\u00e9rer les complexit\u00e9s afin que vous puissiez vous concentrer sur la croissance de votre entreprise.<\/h3>\n","protected":false},"excerpt":{"rendered":"<p>Planification de la migration et mise en \u0153uvre transparentes du syst\u00e8me &nbsp; Une transition en douceur vers Trendex GasTrend\u2122 Lorsque vous choisissez le logiciel GasTrend\u2122 de Trendex, vous n\u2019obtenez pas seulement un puissant syst\u00e8me ERP\/PGI \u2014 vous b\u00e9n\u00e9ficiez \u00e9galement de notre service complet de planification de migration et de mise en \u0153uvre du syst\u00e8me, inclus&hellip;<\/p>\n","protected":false},"author":1,"featured_media":0,"parent":0,"menu_order":0,"comment_status":"closed","ping_status":"closed","template":"","meta":{"footnotes":""},"class_list":["post-2400","page","type-page","status-publish","hentry","description-off"],"yoast_head":"<!-- This site is optimized with the Yoast SEO plugin v25.7 - https:\/\/yoast.com\/wordpress\/plugins\/seo\/ -->\n<title>Planification et mise en \u0153uvre de la migration - trendexsys.com<\/title>\n<meta name=\"robots\" content=\"index, follow, max-snippet:-1, max-image-preview:large, max-video-preview:-1\" \/>\n<link rel=\"canonical\" href=\"https:\/\/trendexsys.com\/fr-ca\/planification-et-mise-en-oeuvre-de-la-migration\/\" \/>\n<meta property=\"og:locale\" content=\"fr_CA\" \/>\n<meta property=\"og:type\" content=\"article\" \/>\n<meta property=\"og:title\" content=\"Planification et mise en \u0153uvre de la migration - trendexsys.com\" \/>\n<meta property=\"og:description\" content=\"Planification de la migration et mise en \u0153uvre transparentes du syst\u00e8me &nbsp; Une transition en douceur vers Trendex GasTrend\u2122 Lorsque vous choisissez le logiciel GasTrend\u2122 de Trendex, vous n\u2019obtenez pas seulement un puissant syst\u00e8me ERP\/PGI \u2014 vous b\u00e9n\u00e9ficiez \u00e9galement de notre service complet de planification de migration et de mise en \u0153uvre du syst\u00e8me, inclus&hellip;\" \/>\n<meta property=\"og:url\" content=\"https:\/\/trendexsys.com\/fr-ca\/planification-et-mise-en-oeuvre-de-la-migration\/\" \/>\n<meta property=\"og:site_name\" content=\"trendexsys.com\" \/>\n<meta property=\"article:modified_time\" content=\"2025-08-21T23:46:10+00:00\" \/>\n<meta name=\"twitter:card\" content=\"summary_large_image\" \/>\n<meta name=\"twitter:label1\" content=\"Estimation du temps de lecture\" \/>\n\t<meta name=\"twitter:data1\" content=\"2 minutes\" \/>\n<script type=\"application\/ld+json\" class=\"yoast-schema-graph\">{\"@context\":\"https:\/\/schema.org\",\"@graph\":[{\"@type\":\"WebPage\",\"@id\":\"https:\/\/trendexsys.com\/fr-ca\/planification-et-mise-en-oeuvre-de-la-migration\/\",\"url\":\"https:\/\/trendexsys.com\/fr-ca\/planification-et-mise-en-oeuvre-de-la-migration\/\",\"name\":\"Planification et mise en \u0153uvre de la migration - trendexsys.com\",\"isPartOf\":{\"@id\":\"http:\/\/trendexsys.com\/fr-ca\/#website\"},\"datePublished\":\"2025-02-25T01:13:00+00:00\",\"dateModified\":\"2025-08-21T23:46:10+00:00\",\"breadcrumb\":{\"@id\":\"https:\/\/trendexsys.com\/fr-ca\/planification-et-mise-en-oeuvre-de-la-migration\/#breadcrumb\"},\"inLanguage\":\"fr-CA\",\"potentialAction\":[{\"@type\":\"ReadAction\",\"target\":[\"https:\/\/trendexsys.com\/fr-ca\/planification-et-mise-en-oeuvre-de-la-migration\/\"]}]},{\"@type\":\"BreadcrumbList\",\"@id\":\"https:\/\/trendexsys.com\/fr-ca\/planification-et-mise-en-oeuvre-de-la-migration\/#breadcrumb\",\"itemListElement\":[{\"@type\":\"ListItem\",\"position\":1,\"name\":\"Home\",\"item\":\"https:\/\/trendexsys.com\/fr-ca\/\"},{\"@type\":\"ListItem\",\"position\":2,\"name\":\"Planification et mise en \u0153uvre de la migration\"}]},{\"@type\":\"WebSite\",\"@id\":\"http:\/\/trendexsys.com\/fr-ca\/#website\",\"url\":\"http:\/\/trendexsys.com\/fr-ca\/\",\"name\":\"trendexsys.com\",\"description\":\"\",\"potentialAction\":[{\"@type\":\"SearchAction\",\"target\":{\"@type\":\"EntryPoint\",\"urlTemplate\":\"http:\/\/trendexsys.com\/fr-ca\/?s={search_term_string}\"},\"query-input\":{\"@type\":\"PropertyValueSpecification\",\"valueRequired\":true,\"valueName\":\"search_term_string\"}}],\"inLanguage\":\"fr-CA\"}]}<\/script>\n<!-- \/ Yoast SEO plugin. -->","yoast_head_json":{"title":"Planification et mise en \u0153uvre de la migration - trendexsys.com","robots":{"index":"index","follow":"follow","max-snippet":"max-snippet:-1","max-image-preview":"max-image-preview:large","max-video-preview":"max-video-preview:-1"},"canonical":"https:\/\/trendexsys.com\/fr-ca\/planification-et-mise-en-oeuvre-de-la-migration\/","og_locale":"fr_CA","og_type":"article","og_title":"Planification et mise en \u0153uvre de la migration - trendexsys.com","og_description":"Planification de la migration et mise en \u0153uvre transparentes du syst\u00e8me &nbsp; Une transition en douceur vers Trendex GasTrend\u2122 Lorsque vous choisissez le logiciel GasTrend\u2122 de Trendex, vous n\u2019obtenez pas seulement un puissant syst\u00e8me ERP\/PGI \u2014 vous b\u00e9n\u00e9ficiez \u00e9galement de notre service complet de planification de migration et de mise en \u0153uvre du syst\u00e8me, inclus&hellip;","og_url":"https:\/\/trendexsys.com\/fr-ca\/planification-et-mise-en-oeuvre-de-la-migration\/","og_site_name":"trendexsys.com","article_modified_time":"2025-08-21T23:46:10+00:00","twitter_card":"summary_large_image","twitter_misc":{"Estimation du temps de lecture":"2 minutes"},"schema":{"@context":"https:\/\/schema.org","@graph":[{"@type":"WebPage","@id":"https:\/\/trendexsys.com\/fr-ca\/planification-et-mise-en-oeuvre-de-la-migration\/","url":"https:\/\/trendexsys.com\/fr-ca\/planification-et-mise-en-oeuvre-de-la-migration\/","name":"Planification et mise en \u0153uvre de la migration - trendexsys.com","isPartOf":{"@id":"http:\/\/trendexsys.com\/fr-ca\/#website"},"datePublished":"2025-02-25T01:13:00+00:00","dateModified":"2025-08-21T23:46:10+00:00","breadcrumb":{"@id":"https:\/\/trendexsys.com\/fr-ca\/planification-et-mise-en-oeuvre-de-la-migration\/#breadcrumb"},"inLanguage":"fr-CA","potentialAction":[{"@type":"ReadAction","target":["https:\/\/trendexsys.com\/fr-ca\/planification-et-mise-en-oeuvre-de-la-migration\/"]}]},{"@type":"BreadcrumbList","@id":"https:\/\/trendexsys.com\/fr-ca\/planification-et-mise-en-oeuvre-de-la-migration\/#breadcrumb","itemListElement":[{"@type":"ListItem","position":1,"name":"Home","item":"https:\/\/trendexsys.com\/fr-ca\/"},{"@type":"ListItem","position":2,"name":"Planification et mise en \u0153uvre de la migration"}]},{"@type":"WebSite","@id":"http:\/\/trendexsys.com\/fr-ca\/#website","url":"http:\/\/trendexsys.com\/fr-ca\/","name":"trendexsys.com","description":"","potentialAction":[{"@type":"SearchAction","target":{"@type":"EntryPoint","urlTemplate":"http:\/\/trendexsys.com\/fr-ca\/?s={search_term_string}"},"query-input":{"@type":"PropertyValueSpecification","valueRequired":true,"valueName":"search_term_string"}}],"inLanguage":"fr-CA"}]}},"_links":{"self":[{"href":"https:\/\/trendexsys.com\/fr-ca\/wp-json\/wp\/v2\/pages\/2400","targetHints":{"allow":["GET"]}}],"collection":[{"href":"https:\/\/trendexsys.com\/fr-ca\/wp-json\/wp\/v2\/pages"}],"about":[{"href":"https:\/\/trendexsys.com\/fr-ca\/wp-json\/wp\/v2\/types\/page"}],"author":[{"embeddable":true,"href":"https:\/\/trendexsys.com\/fr-ca\/wp-json\/wp\/v2\/users\/1"}],"replies":[{"embeddable":true,"href":"https:\/\/trendexsys.com\/fr-ca\/wp-json\/wp\/v2\/comments?post=2400"}],"version-history":[{"count":2,"href":"https:\/\/trendexsys.com\/fr-ca\/wp-json\/wp\/v2\/pages\/2400\/revisions"}],"predecessor-version":[{"id":2411,"href":"https:\/\/trendexsys.com\/fr-ca\/wp-json\/wp\/v2\/pages\/2400\/revisions\/2411"}],"wp:attachment":[{"href":"https:\/\/trendexsys.com\/fr-ca\/wp-json\/wp\/v2\/media?parent=2400"}],"curies":[{"name":"wp","href":"https:\/\/api.w.org\/{rel}","templated":true}]}}