{"id":2389,"date":"2025-01-31T19:06:56","date_gmt":"2025-01-31T23:06:56","guid":{"rendered":"https:\/\/trendexsys.com\/quincaillerie-et-accessoires\/"},"modified":"2026-01-15T18:09:26","modified_gmt":"2026-01-15T22:09:26","slug":"quincaillerie-et-accessoires","status":"publish","type":"page","link":"https:\/\/trendexsys.com\/fr-ca\/quincaillerie-et-accessoires\/","title":{"rendered":"Quincaillerie et accessoires"},"content":{"rendered":"<div class=\"wpb-content-wrapper\"><p>[vc_row][vc_column][vc_column_text css=\u00a0\u00bb\u00a0\u00bb]<\/p>\n<h1><strong>Mat\u00e9riel fiable pour votre solution ERP\/PGI<\/strong><\/h1>\n<p>Chez <strong>Trendex<\/strong>, nous savons qu\u2019un syst\u00e8me ERP\/PGI n\u2019est aussi solide que le mat\u00e9riel sur lequel il fonctionne. C\u2019est pourquoi nous fournissons uniquement les solutions mat\u00e9rielles les plus <strong>fiables et les plus robustes<\/strong> pour assurer le fonctionnement <strong>efficace et sans interruption<\/strong> de votre entreprise.<\/p>\n<p>&nbsp;<\/p>\n<h2><strong>Serveurs HP ProLiant de qualit\u00e9 professionnelle<\/strong><\/h2>\n<p>Pour les op\u00e9rations ERP\/PGI critiques, nous faisons confiance aux <strong>serveurs HP ProLiant<\/strong>, <strong>r\u00e9put\u00e9s pour leurs performances, leur \u00e9volutivit\u00e9 et leur fiabilit\u00e9<\/strong>. Ces serveurs de pointe offrent :<\/p>\n<ul>\n<li><strong>Haute disponibilit\u00e9<\/strong> pour que votre syst\u00e8me fonctionne 24 heures sur 24, 7 jours sur 7<\/li>\n<li>Fonctions <strong>de s\u00e9curit\u00e9 avanc\u00e9es<\/strong> pour prot\u00e9ger les donn\u00e9es sensibles de l\u2019entreprise<\/li>\n<li><strong>\u00c9volutivit\u00e9<\/strong> pour \u00e9voluer avec les besoins de votre entreprise<\/li>\n<li><strong>Performances optimis\u00e9es<\/strong> pour une fonctionnalit\u00e9 ERP transparente<\/li>\n<\/ul>\n<h2><strong><img loading=\"lazy\" decoding=\"async\" class=\"alignnone size-medium wp-image-1898\" src=\"https:\/\/trendexsys.com\/wp-content\/uploads\/2025\/01\/HPE-Proliant-ML350-Gen11-300x247.jpg\" alt=\"\" width=\"300\" height=\"247\" srcset=\"https:\/\/trendexsys.com\/wp-content\/uploads\/2025\/01\/HPE-Proliant-ML350-Gen11-300x247.jpg 300w, https:\/\/trendexsys.com\/wp-content\/uploads\/2025\/01\/HPE-Proliant-ML350-Gen11-768x633.jpg 768w, https:\/\/trendexsys.com\/wp-content\/uploads\/2025\/01\/HPE-Proliant-ML350-Gen11.jpg 873w\" sizes=\"auto, (max-width: 300px) 100vw, 300px\" \/><\/strong><\/h2>\n<h2><\/h2>\n<h2 data-start=\"81\" data-end=\"150\"><strong data-start=\"81\" data-end=\"150\">Des solutions robustes de sauvegarde et de reprise apr\u00e8s sinistre<\/strong><\/h2>\n<p data-start=\"152\" data-end=\"541\">Vos donn\u00e9es sont au c\u0153ur de votre entreprise. Trendex propose deux solutions puissantes de sauvegarde et de reprise, sp\u00e9cialement con\u00e7ues pour les clients de l\u2019ERP Trendex, afin de vous offrir confiance, s\u00e9curit\u00e9 et continuit\u00e9 en toute situation \u2014 qu\u2019il s\u2019agisse d\u2019une simple r\u00e9cup\u00e9ration de fichiers ou d\u2019une reprise compl\u00e8te apr\u00e8s un sinistre caus\u00e9 par une d\u00e9faillance totale du syst\u00e8me.<\/p>\n<p data-start=\"543\" data-end=\"579\"><strong data-start=\"543\" data-end=\"579\"><a href=\"https:\/\/trendexsys.com\/fr-ca\/solutions-de-sauvegarde-trendex\/\">Cliquez ICI pour en savoir plus<\/a>.<\/strong><\/p>\n<p>&nbsp;<\/p>\n<h2><strong>Tablettes et scanners Zebra robustes<\/strong><\/h2>\n<p>Pour les entreprises qui ont besoin de <strong>mobilit\u00e9, de durabilit\u00e9 et de pr\u00e9cision<\/strong>, nous fournissons <strong>des tablettes et des scanners Zebra<\/strong>, con\u00e7us pour r\u00e9sister aux environnements difficiles sans compromettre les performances. Ces appareils offrent :<\/p>\n<ul>\n<li><strong>Construction robuste<\/strong> pour r\u00e9sister aux chutes, \u00e0 la poussi\u00e8re et aux temp\u00e9ratures extr\u00eames<\/li>\n<li><strong>Int\u00e9gration ERP\/PGI transparente<\/strong> pour un acc\u00e8s aux donn\u00e9es en temps r\u00e9el<\/li>\n<li><strong>Num\u00e9risation rapide et pr\u00e9cise<\/strong> pour am\u00e9liorer l\u2019efficacit\u00e9 des entrep\u00f4ts, de la vente au d\u00e9tail et de la fabrication<\/li>\n<li><strong>Longue dur\u00e9e de vie de la batterie<\/strong> pour prendre en charge les quarts de travail prolong\u00e9s<\/li>\n<\/ul>\n<h3><img loading=\"lazy\" decoding=\"async\" class=\"alignnone wp-image-1902\" src=\"https:\/\/trendexsys.com\/wp-content\/uploads\/2025\/01\/tc58-2d-android-11-300x300.jpg\" alt=\"\" width=\"216\" height=\"216\" srcset=\"https:\/\/trendexsys.com\/wp-content\/uploads\/2025\/01\/tc58-2d-android-11-300x300.jpg 300w, https:\/\/trendexsys.com\/wp-content\/uploads\/2025\/01\/tc58-2d-android-11-1024x1024.jpg 1024w, https:\/\/trendexsys.com\/wp-content\/uploads\/2025\/01\/tc58-2d-android-11-150x150.jpg 150w, https:\/\/trendexsys.com\/wp-content\/uploads\/2025\/01\/tc58-2d-android-11-768x768.jpg 768w, https:\/\/trendexsys.com\/wp-content\/uploads\/2025\/01\/tc58-2d-android-11.jpg 1080w\" sizes=\"auto, (max-width: 216px) 100vw, 216px\" \/> <img loading=\"lazy\" decoding=\"async\" class=\"alignnone size-full wp-image-1901\" src=\"https:\/\/trendexsys.com\/wp-content\/uploads\/2025\/01\/EC45-Tablet.jpg\" alt=\"\" width=\"239\" height=\"239\" srcset=\"https:\/\/trendexsys.com\/wp-content\/uploads\/2025\/01\/EC45-Tablet.jpg 239w, https:\/\/trendexsys.com\/wp-content\/uploads\/2025\/01\/EC45-Tablet-150x150.jpg 150w\" sizes=\"auto, (max-width: 239px) 100vw, 239px\" \/> <img loading=\"lazy\" decoding=\"async\" class=\"alignnone wp-image-1900\" src=\"https:\/\/trendexsys.com\/wp-content\/uploads\/2025\/01\/Zebra-DS3608-Scanner-300x282.jpg\" alt=\"\" width=\"213\" height=\"200\" srcset=\"https:\/\/trendexsys.com\/wp-content\/uploads\/2025\/01\/Zebra-DS3608-Scanner-300x282.jpg 300w, https:\/\/trendexsys.com\/wp-content\/uploads\/2025\/01\/Zebra-DS3608-Scanner-1024x961.jpg 1024w, https:\/\/trendexsys.com\/wp-content\/uploads\/2025\/01\/Zebra-DS3608-Scanner-768x721.jpg 768w, https:\/\/trendexsys.com\/wp-content\/uploads\/2025\/01\/Zebra-DS3608-Scanner.jpg 1186w\" sizes=\"auto, (max-width: 213px) 100vw, 213px\" \/><\/h3>\n<h3><\/h3>\n<p>&nbsp;<\/p>\n<h2><\/h2>\n<h2><strong>Imprimantes standard de l\u2019industrie<\/strong><\/h2>\n<p>L\u2019impression est un \u00e9l\u00e9ment essentiel de nombreuses op\u00e9rations commerciales, c\u2019est pourquoi nous n\u2019offrons que <strong>des imprimantes qui ont \u00e9t\u00e9 rigoureusement test\u00e9es<\/strong> pour leur compatibilit\u00e9 avec le <strong>syst\u00e8me ERP Trendex<\/strong>. Notre s\u00e9lection comprend :<\/p>\n<h3><\/h3>\n<h3><strong>Imprimantes HP LaserJet<\/strong><\/h3>\n<p>Con\u00e7ues pour l\u2019impression <strong>\u00e0 grande vitesse et \u00e0 grand volume,<\/strong> les imprimantes HP LaserJet offrent :<\/p>\n<ul>\n<li><strong>Des documents nets et de qualit\u00e9 professionnelle<\/strong> avec du texte et des graphiques nets<\/li>\n<li><strong>Une impression rapide et efficace<\/strong> pour r\u00e9pondre aux exigences de l\u2019entreprise<\/li>\n<li><strong>Performances fiables<\/strong> pour une utilisation \u00e0 long terme avec un minimum de temps d\u2019arr\u00eat<\/li>\n<\/ul>\n<h3><strong><img loading=\"lazy\" decoding=\"async\" class=\"alignnone wp-image-1909\" src=\"https:\/\/trendexsys.com\/wp-content\/uploads\/2025\/01\/HP-610dn-300x300.png\" alt=\"\" width=\"208\" height=\"208\" srcset=\"https:\/\/trendexsys.com\/wp-content\/uploads\/2025\/01\/HP-610dn-300x300.png 300w, https:\/\/trendexsys.com\/wp-content\/uploads\/2025\/01\/HP-610dn-150x150.png 150w, https:\/\/trendexsys.com\/wp-content\/uploads\/2025\/01\/HP-610dn.png 470w\" sizes=\"auto, (max-width: 208px) 100vw, 208px\" \/><\/strong><\/h3>\n<h3><\/h3>\n<h3><\/h3>\n<h3><\/h3>\n<h3><strong>Imprimantes matricielles Dascom<\/strong><\/h3>\n<p>Pour les entreprises qui ont besoin <strong>de formulaires en plusieurs parties, de factures et d\u2019impression en continu<\/strong>, <strong>les imprimantes matricielles Dascom<\/strong> offrent :<\/p>\n<ul>\n<li><strong>Durabilit\u00e9 exceptionnelle<\/strong> pour une utilisation industrielle et d\u2019entrep\u00f4t intensif<\/li>\n<li><strong>Impression rentable<\/strong> pour les op\u00e9rations \u00e0 grande \u00e9chelle<\/li>\n<li><strong>Int\u00e9gration transparente du syst\u00e8me ERP\/PGI<\/strong> pour une automatisation fluide des flux de travail<\/li>\n<\/ul>\n<h3><img loading=\"lazy\" decoding=\"async\" class=\"alignnone size-medium wp-image-1908\" src=\"https:\/\/trendexsys.com\/wp-content\/uploads\/2025\/01\/Dascom-Big-300x161.jpg\" alt=\"\" width=\"300\" height=\"161\" srcset=\"https:\/\/trendexsys.com\/wp-content\/uploads\/2025\/01\/Dascom-Big-300x161.jpg 300w, https:\/\/trendexsys.com\/wp-content\/uploads\/2025\/01\/Dascom-Big-768x412.jpg 768w, https:\/\/trendexsys.com\/wp-content\/uploads\/2025\/01\/Dascom-Big.jpg 850w\" sizes=\"auto, (max-width: 300px) 100vw, 300px\" \/><\/h3>\n<h3><\/h3>\n<h3><\/h3>\n<h3><strong>Num\u00e9riseurs de documents en r\u00e9seau Fujitsu<\/strong><\/h3>\n<p>La gestion efficace de la paperasse est essentielle au bon fonctionnement de l\u2019entreprise. C\u2019est pourquoi nous offrons des <strong>num\u00e9riseurs de documents en r\u00e9seau Fujitsu<\/strong>, con\u00e7us pour :<\/p>\n<ul>\n<li><strong>Num\u00e9risez rapidement les bons de livraison sign\u00e9s<\/strong> et reliez-les automatiquement aux factures<\/li>\n<li><strong>Int\u00e9gration transparente<\/strong> au syst\u00e8me ERP\/PGI Trendex pour une r\u00e9cup\u00e9ration de documents sans effort<\/li>\n<li><strong>Am\u00e9liorez la pr\u00e9cision<\/strong> en r\u00e9duisant les erreurs de saisie manuelle des donn\u00e9es<\/li>\n<li><strong>Am\u00e9liorez l\u2019efficacit\u00e9<\/strong> gr\u00e2ce \u00e0 une num\u00e9risation fiable et haute vitesse pour de grands volumes de documents<\/li>\n<\/ul>\n<h3><img loading=\"lazy\" decoding=\"async\" class=\"alignnone size-medium wp-image-1899\" src=\"https:\/\/trendexsys.com\/wp-content\/uploads\/2025\/01\/Fujitsu-Scanner-300x296.png\" alt=\"\" width=\"300\" height=\"296\" srcset=\"https:\/\/trendexsys.com\/wp-content\/uploads\/2025\/01\/Fujitsu-Scanner-300x296.png 300w, https:\/\/trendexsys.com\/wp-content\/uploads\/2025\/01\/Fujitsu-Scanner-1024x1011.png 1024w, https:\/\/trendexsys.com\/wp-content\/uploads\/2025\/01\/Fujitsu-Scanner-768x758.png 768w, https:\/\/trendexsys.com\/wp-content\/uploads\/2025\/01\/Fujitsu-Scanner.png 1200w\" sizes=\"auto, (max-width: 300px) 100vw, 300px\" \/><\/h3>\n<p>&nbsp;<\/p>\n<h2><\/h2>\n<h2><strong>Une solution compl\u00e8te \u00e0 laquelle vous pouvez faire confiance<\/strong><\/h2>\n<p>By combining our <strong>best-in-class ERP software<\/strong> with these <strong>industry-leading hardware solutions<\/strong>, Trendex delivers a <strong>seamless, end-to-end system<\/strong> that helps your business thrive. Whether you&rsquo;re managing inventory, tracking orders, or optimizing workflows, our hardware ensures <strong>maximum uptime, performance, and durability<\/strong>.<\/p>\n<p><strong>Pr\u00eat \u00e0 mettre \u00e0 niveau votre infrastructure ERP\/PGI?<\/strong> Contactez-nous d\u00e8s aujourd\u2019hui pour en savoir plus sur nos solutions mat\u00e9rielles fiables.[\/vc_column_text][\/vc_column][\/vc_row]<\/p>\n<\/div>","protected":false},"excerpt":{"rendered":"<p>[vc_row][vc_column][vc_column_text css=\u00a0\u00bb\u00a0\u00bb] Mat\u00e9riel fiable pour votre solution ERP\/PGI Chez Trendex, nous savons qu\u2019un syst\u00e8me ERP\/PGI n\u2019est aussi solide que le mat\u00e9riel sur lequel il fonctionne. C\u2019est pourquoi nous fournissons uniquement les solutions mat\u00e9rielles les plus fiables et les plus robustes pour assurer le fonctionnement efficace et sans interruption de votre entreprise. &nbsp; Serveurs HP ProLiant&hellip;<\/p>\n","protected":false},"author":1,"featured_media":0,"parent":0,"menu_order":0,"comment_status":"closed","ping_status":"closed","template":"","meta":{"footnotes":""},"class_list":["post-2389","page","type-page","status-publish","hentry","description-off"],"yoast_head":"<!-- This site is optimized with the Yoast SEO plugin v25.7 - https:\/\/yoast.com\/wordpress\/plugins\/seo\/ -->\n<title>Quincaillerie et accessoires - trendexsys.com<\/title>\n<meta name=\"robots\" content=\"index, follow, max-snippet:-1, max-image-preview:large, max-video-preview:-1\" \/>\n<link rel=\"canonical\" href=\"https:\/\/trendexsys.com\/fr-ca\/quincaillerie-et-accessoires\/\" \/>\n<meta property=\"og:locale\" content=\"fr_CA\" \/>\n<meta property=\"og:type\" content=\"article\" \/>\n<meta property=\"og:title\" content=\"Quincaillerie et accessoires - trendexsys.com\" \/>\n<meta property=\"og:description\" content=\"[vc_row][vc_column][vc_column_text css=\u00a0\u00bb\u00a0\u00bb] Mat\u00e9riel fiable pour votre solution ERP\/PGI Chez Trendex, nous savons qu\u2019un syst\u00e8me ERP\/PGI n\u2019est aussi solide que le mat\u00e9riel sur lequel il fonctionne. C\u2019est pourquoi nous fournissons uniquement les solutions mat\u00e9rielles les plus fiables et les plus robustes pour assurer le fonctionnement efficace et sans interruption de votre entreprise. &nbsp; Serveurs HP ProLiant&hellip;\" \/>\n<meta property=\"og:url\" content=\"https:\/\/trendexsys.com\/fr-ca\/quincaillerie-et-accessoires\/\" \/>\n<meta property=\"og:site_name\" content=\"trendexsys.com\" \/>\n<meta property=\"article:modified_time\" content=\"2026-01-15T22:09:26+00:00\" \/>\n<meta property=\"og:image\" content=\"https:\/\/trendexsys.com\/wp-content\/uploads\/2025\/01\/HPE-Proliant-ML350-Gen11.jpg\" \/>\n\t<meta property=\"og:image:width\" content=\"873\" \/>\n\t<meta property=\"og:image:height\" content=\"720\" \/>\n\t<meta property=\"og:image:type\" content=\"image\/jpeg\" \/>\n<meta name=\"twitter:card\" content=\"summary_large_image\" \/>\n<meta name=\"twitter:label1\" content=\"Estimation du temps de lecture\" \/>\n\t<meta name=\"twitter:data1\" content=\"5 minutes\" \/>\n<script type=\"application\/ld+json\" class=\"yoast-schema-graph\">{\"@context\":\"https:\/\/schema.org\",\"@graph\":[{\"@type\":\"WebPage\",\"@id\":\"https:\/\/trendexsys.com\/fr-ca\/quincaillerie-et-accessoires\/\",\"url\":\"https:\/\/trendexsys.com\/fr-ca\/quincaillerie-et-accessoires\/\",\"name\":\"Quincaillerie et accessoires - trendexsys.com\",\"isPartOf\":{\"@id\":\"http:\/\/trendexsys.com\/fr-ca\/#website\"},\"primaryImageOfPage\":{\"@id\":\"https:\/\/trendexsys.com\/fr-ca\/quincaillerie-et-accessoires\/#primaryimage\"},\"image\":{\"@id\":\"https:\/\/trendexsys.com\/fr-ca\/quincaillerie-et-accessoires\/#primaryimage\"},\"thumbnailUrl\":\"https:\/\/trendexsys.com\/wp-content\/uploads\/2025\/01\/HPE-Proliant-ML350-Gen11-300x247.jpg\",\"datePublished\":\"2025-01-31T23:06:56+00:00\",\"dateModified\":\"2026-01-15T22:09:26+00:00\",\"breadcrumb\":{\"@id\":\"https:\/\/trendexsys.com\/fr-ca\/quincaillerie-et-accessoires\/#breadcrumb\"},\"inLanguage\":\"fr-CA\",\"potentialAction\":[{\"@type\":\"ReadAction\",\"target\":[\"https:\/\/trendexsys.com\/fr-ca\/quincaillerie-et-accessoires\/\"]}]},{\"@type\":\"ImageObject\",\"inLanguage\":\"fr-CA\",\"@id\":\"https:\/\/trendexsys.com\/fr-ca\/quincaillerie-et-accessoires\/#primaryimage\",\"url\":\"https:\/\/trendexsys.com\/wp-content\/uploads\/2025\/01\/HPE-Proliant-ML350-Gen11-300x247.jpg\",\"contentUrl\":\"https:\/\/trendexsys.com\/wp-content\/uploads\/2025\/01\/HPE-Proliant-ML350-Gen11-300x247.jpg\"},{\"@type\":\"BreadcrumbList\",\"@id\":\"https:\/\/trendexsys.com\/fr-ca\/quincaillerie-et-accessoires\/#breadcrumb\",\"itemListElement\":[{\"@type\":\"ListItem\",\"position\":1,\"name\":\"Home\",\"item\":\"https:\/\/trendexsys.com\/fr-ca\/\"},{\"@type\":\"ListItem\",\"position\":2,\"name\":\"Quincaillerie et accessoires\"}]},{\"@type\":\"WebSite\",\"@id\":\"http:\/\/trendexsys.com\/fr-ca\/#website\",\"url\":\"http:\/\/trendexsys.com\/fr-ca\/\",\"name\":\"trendexsys.com\",\"description\":\"\",\"potentialAction\":[{\"@type\":\"SearchAction\",\"target\":{\"@type\":\"EntryPoint\",\"urlTemplate\":\"http:\/\/trendexsys.com\/fr-ca\/?s={search_term_string}\"},\"query-input\":{\"@type\":\"PropertyValueSpecification\",\"valueRequired\":true,\"valueName\":\"search_term_string\"}}],\"inLanguage\":\"fr-CA\"}]}<\/script>\n<!-- \/ Yoast SEO plugin. -->","yoast_head_json":{"title":"Quincaillerie et accessoires - trendexsys.com","robots":{"index":"index","follow":"follow","max-snippet":"max-snippet:-1","max-image-preview":"max-image-preview:large","max-video-preview":"max-video-preview:-1"},"canonical":"https:\/\/trendexsys.com\/fr-ca\/quincaillerie-et-accessoires\/","og_locale":"fr_CA","og_type":"article","og_title":"Quincaillerie et accessoires - trendexsys.com","og_description":"[vc_row][vc_column][vc_column_text css=\u00a0\u00bb\u00a0\u00bb] Mat\u00e9riel fiable pour votre solution ERP\/PGI Chez Trendex, nous savons qu\u2019un syst\u00e8me ERP\/PGI n\u2019est aussi solide que le mat\u00e9riel sur lequel il fonctionne. C\u2019est pourquoi nous fournissons uniquement les solutions mat\u00e9rielles les plus fiables et les plus robustes pour assurer le fonctionnement efficace et sans interruption de votre entreprise. &nbsp; Serveurs HP ProLiant&hellip;","og_url":"https:\/\/trendexsys.com\/fr-ca\/quincaillerie-et-accessoires\/","og_site_name":"trendexsys.com","article_modified_time":"2026-01-15T22:09:26+00:00","og_image":[{"width":873,"height":720,"url":"https:\/\/trendexsys.com\/wp-content\/uploads\/2025\/01\/HPE-Proliant-ML350-Gen11.jpg","type":"image\/jpeg"}],"twitter_card":"summary_large_image","twitter_misc":{"Estimation du temps de lecture":"5 minutes"},"schema":{"@context":"https:\/\/schema.org","@graph":[{"@type":"WebPage","@id":"https:\/\/trendexsys.com\/fr-ca\/quincaillerie-et-accessoires\/","url":"https:\/\/trendexsys.com\/fr-ca\/quincaillerie-et-accessoires\/","name":"Quincaillerie et accessoires - trendexsys.com","isPartOf":{"@id":"http:\/\/trendexsys.com\/fr-ca\/#website"},"primaryImageOfPage":{"@id":"https:\/\/trendexsys.com\/fr-ca\/quincaillerie-et-accessoires\/#primaryimage"},"image":{"@id":"https:\/\/trendexsys.com\/fr-ca\/quincaillerie-et-accessoires\/#primaryimage"},"thumbnailUrl":"https:\/\/trendexsys.com\/wp-content\/uploads\/2025\/01\/HPE-Proliant-ML350-Gen11-300x247.jpg","datePublished":"2025-01-31T23:06:56+00:00","dateModified":"2026-01-15T22:09:26+00:00","breadcrumb":{"@id":"https:\/\/trendexsys.com\/fr-ca\/quincaillerie-et-accessoires\/#breadcrumb"},"inLanguage":"fr-CA","potentialAction":[{"@type":"ReadAction","target":["https:\/\/trendexsys.com\/fr-ca\/quincaillerie-et-accessoires\/"]}]},{"@type":"ImageObject","inLanguage":"fr-CA","@id":"https:\/\/trendexsys.com\/fr-ca\/quincaillerie-et-accessoires\/#primaryimage","url":"https:\/\/trendexsys.com\/wp-content\/uploads\/2025\/01\/HPE-Proliant-ML350-Gen11-300x247.jpg","contentUrl":"https:\/\/trendexsys.com\/wp-content\/uploads\/2025\/01\/HPE-Proliant-ML350-Gen11-300x247.jpg"},{"@type":"BreadcrumbList","@id":"https:\/\/trendexsys.com\/fr-ca\/quincaillerie-et-accessoires\/#breadcrumb","itemListElement":[{"@type":"ListItem","position":1,"name":"Home","item":"https:\/\/trendexsys.com\/fr-ca\/"},{"@type":"ListItem","position":2,"name":"Quincaillerie et accessoires"}]},{"@type":"WebSite","@id":"http:\/\/trendexsys.com\/fr-ca\/#website","url":"http:\/\/trendexsys.com\/fr-ca\/","name":"trendexsys.com","description":"","potentialAction":[{"@type":"SearchAction","target":{"@type":"EntryPoint","urlTemplate":"http:\/\/trendexsys.com\/fr-ca\/?s={search_term_string}"},"query-input":{"@type":"PropertyValueSpecification","valueRequired":true,"valueName":"search_term_string"}}],"inLanguage":"fr-CA"}]}},"_links":{"self":[{"href":"https:\/\/trendexsys.com\/fr-ca\/wp-json\/wp\/v2\/pages\/2389","targetHints":{"allow":["GET"]}}],"collection":[{"href":"https:\/\/trendexsys.com\/fr-ca\/wp-json\/wp\/v2\/pages"}],"about":[{"href":"https:\/\/trendexsys.com\/fr-ca\/wp-json\/wp\/v2\/types\/page"}],"author":[{"embeddable":true,"href":"https:\/\/trendexsys.com\/fr-ca\/wp-json\/wp\/v2\/users\/1"}],"replies":[{"embeddable":true,"href":"https:\/\/trendexsys.com\/fr-ca\/wp-json\/wp\/v2\/comments?post=2389"}],"version-history":[{"count":7,"href":"https:\/\/trendexsys.com\/fr-ca\/wp-json\/wp\/v2\/pages\/2389\/revisions"}],"predecessor-version":[{"id":2619,"href":"https:\/\/trendexsys.com\/fr-ca\/wp-json\/wp\/v2\/pages\/2389\/revisions\/2619"}],"wp:attachment":[{"href":"https:\/\/trendexsys.com\/fr-ca\/wp-json\/wp\/v2\/media?parent=2389"}],"curies":[{"name":"wp","href":"https:\/\/api.w.org\/{rel}","templated":true}]}}