{"id":2388,"date":"2025-08-21T14:31:54","date_gmt":"2025-08-21T14:31:54","guid":{"rendered":"https:\/\/trendexsys.com\/trendex-paysuite\/"},"modified":"2025-08-25T15:09:51","modified_gmt":"2025-08-25T15:09:51","slug":"trendex-paysuite","status":"publish","type":"page","link":"https:\/\/trendexsys.com\/fr-ca\/trendex-paysuite\/","title":{"rendered":"Trendex PaySuite"},"content":{"rendered":"<div class=\"wpb-content-wrapper\"><p>[vc_row][vc_column][vc_column_text css=\u00a0\u00bb\u00a0\u00bb]<\/p>\n<h1><strong>Trendex PaySuite<\/strong><\/h1>\n<p>[\/vc_column_text][\/vc_column][\/vc_row][vc_row][vc_column][vc_video link=\u00a0\u00bbhttps:\/\/www.youtube.com\/watch?v=OXy-z2ELq9M\u00a0\u00bb css=\u00a0\u00bb\u00a0\u00bb][\/vc_column][\/vc_row][vc_row][vc_column][vc_column_text css=\u00a0\u00bb\u00a0\u00bb]<\/p>\n<h2><b><span data-contrast=\"auto\">Trendex PaySuite<\/span><\/b><\/h2>\n<h3><i><span data-contrast=\"auto\">Une solution de paiement tout-en-un transparente pour les distributeurs de gaz industriels et de soudage<\/span><\/i><\/h3>\n<p>&nbsp;<\/p>\n<p><span data-contrast=\"auto\">Trendex PaySuite int\u00e8gre le <\/span><b><span data-contrast=\"auto\">module de carte de cr\u00e9dit Trendex<\/span><\/b><span data-contrast=\"auto\"> \u00e0 notre nouvelle <\/span> plateforme <b><span data-contrast=\"auto\">Trendex Payments<\/span><\/b><span data-contrast=\"auto\">, un syst\u00e8me de traitement des paiements s\u00e9curis\u00e9 et enti\u00e8rement int\u00e9gr\u00e9 con\u00e7u sp\u00e9cifiquement pour les besoins uniques de l\u2019industrie de l\u2019approvisionnement en gaz industriel et en soudage.<\/span><\/p>\n<p><span data-contrast=\"auto\">Ensemble, ces composants forment <\/span><b><span data-contrast=\"auto\">Trendex PaySuite<\/span><\/b> <span data-contrast=\"auto\">: une solution puissante de bout en bout qui rationalise les transactions, r\u00e9duit les erreurs manuelles et am\u00e9liore la visibilit\u00e9 de vos flux de tr\u00e9sorerie.<\/span><\/p>\n<p>&nbsp;<\/p>\n<h3 aria-level=\"3\"><b><span data-contrast=\"none\">Pourquoi Trendex Payments?<\/span><\/b><\/h3>\n<p><span data-contrast=\"auto\"> \ud83d\udccc <\/span><b><span data-contrast=\"auto\">Traitement des paiements int\u00e9gr\u00e9 de bout en bout<\/span><\/b> \u2014 <span data-contrast=\"none\">Int\u00e9gration transparente avec votre ERP Trendex<\/span><\/p>\n<p><span data-contrast=\"auto\"> \ud83d\udccc <b>Prend en charge toutes les principales m\u00e9thodes de paiement, y compris les cartes de cr\u00e9dit et de d\u00e9bit comme Visa, Mastercard, American Express et Discover <\/b> <\/span><\/p>\n<p><span data-contrast=\"auto\">\ud83d\udccc <b>Moins d\u2019erreurs manuelles et plus d\u2019argent collect\u00e9<\/b> \u2014 Une exp\u00e9rience de facturation et de rapprochement plus simple et unifi\u00e9e <\/span><\/p>\n<p><span data-contrast=\"auto\"> \ud83d\udccc <\/span><b><span data-contrast=\"auto\">Pas de passerelles tierces<\/span><\/b><span data-contrast=\"auto\"> \u2013 contr\u00f4le total au sein de l\u2019\u00e9cosyst\u00e8me Trendex<\/span><\/p>\n<p><span data-contrast=\"auto\"> \ud83d\udccc <\/span><b><span data-contrast=\"auto\">Con\u00e7u par Trendex, pour les clients de Trendex<\/span><\/b><\/p>\n<p><span data-contrast=\"auto\"> \ud83d\udccc <\/span><b><span data-contrast=\"auto\">Soutien interne d\u2019experts de l\u2019industrie<\/span><\/b><\/p>\n<p><span data-contrast=\"auto\"> \ud83d\udccc <\/span><b><span data-contrast=\"auto\">Tarifs concurrentiels et transparents<\/span><\/b><\/p>\n<p><span data-contrast=\"auto\"> \ud83d\udccc <\/span><b><span data-contrast=\"auto\">Enti\u00e8rement conforme \u00e0 la norme PCI pour des transactions plus s\u00fbres<\/span><\/b><span data-ccp-props=\"{\"> &#8211; S\u00e9curis\u00e9 et conforme \u00e0 la certification PCI-DSS de niveau 1, soutenu par une assistance d\u00e9di\u00e9e \u00e0 chaque \u00e9tape du processus<\/span><\/p>\n<p>&nbsp;<\/p>\n<h3><span data-contrast=\"auto\">Trendex PaySuite simplifie vos op\u00e9rations de paiement, afin que vous puissiez vous concentrer sur ce qui compte le plus : <\/span><b><span data-contrast=\"auto\">g\u00e9rer votre entreprise<\/span><\/b><span data-contrast=\"auto\">.<\/span><\/h3>\n<p>&nbsp;<\/p>\n<h5><span data-contrast=\"auto\">Pour plus d\u2019informations ou pour planifier votre installation, contactez votre gestionnaire de compte Trendex ou envoyez un courriel <\/span><a href=\"mailto:support@trendexsys.com\"><b><span data-contrast=\"none\">\u00e0 sales@trendexsys.com<\/span><\/b><\/a><\/h5>\n<p><span data-contrast=\"auto\">*Les options mat\u00e9rielles du terminal peuvent varier. Contactez-nous pour trouver la meilleure solution pour votre exploitation. <\/span> [\/vc_column_text][\/vc_column][\/vc_row][vc_row][vc_column width=\u00a0\u00bb1\/2&Prime;][vc_single_image image=\u00a0\u00bb2229&Prime; img_size=\u00a0\u00bblarge\u00a0\u00bb alignment=\u00a0\u00bbcenter\u00a0\u00bb css=\u00a0\u00bb\u00a0\u00bb title=\u00a0\u00bbCartes de cr\u00e9dit prises en charge\u00a0\u00bb][\/vc_column][vc_column width=\u00a0\u00bb1\/2&Prime;][vc_single_image image=\u00a0\u00bb2235&Prime; img_size=\u00a0\u00bbmedium\u00a0\u00bb alignment=\u00a0\u00bbcenter\u00a0\u00bb css=\u00a0\u00bb\u00a0\u00bb title=\u00a0\u00bbOptions de terminaux de carte de cr\u00e9dit\u00a0\u00bb][\/vc_column][\/vc_row]<\/p>\n<\/div>","protected":false},"excerpt":{"rendered":"<p>[vc_row][vc_column][vc_column_text css=\u00a0\u00bb\u00a0\u00bb] Trendex PaySuite [\/vc_column_text][\/vc_column][\/vc_row][vc_row][vc_column][vc_video link=\u00a0\u00bbhttps:\/\/www.youtube.com\/watch?v=OXy-z2ELq9M\u00a0\u00bb css=\u00a0\u00bb\u00a0\u00bb][\/vc_column][\/vc_row][vc_row][vc_column][vc_column_text css=\u00a0\u00bb\u00a0\u00bb] Trendex PaySuite Une solution de paiement tout-en-un transparente pour les distributeurs de gaz industriels et de soudage &nbsp; Trendex PaySuite int\u00e8gre le module de carte de cr\u00e9dit Trendex \u00e0 notre nouvelle plateforme Trendex Payments, un syst\u00e8me de traitement des paiements s\u00e9curis\u00e9 et enti\u00e8rement int\u00e9gr\u00e9 con\u00e7u sp\u00e9cifiquement pour&hellip;<\/p>\n","protected":false},"author":2,"featured_media":0,"parent":0,"menu_order":0,"comment_status":"closed","ping_status":"closed","template":"","meta":{"footnotes":""},"class_list":["post-2388","page","type-page","status-publish","hentry","description-off"],"yoast_head":"<!-- This site is optimized with the Yoast SEO plugin v25.7 - https:\/\/yoast.com\/wordpress\/plugins\/seo\/ -->\n<title>Trendex PaySuite - trendexsys.com<\/title>\n<meta name=\"robots\" content=\"index, follow, max-snippet:-1, max-image-preview:large, max-video-preview:-1\" \/>\n<link rel=\"canonical\" href=\"https:\/\/trendexsys.com\/fr-ca\/trendex-paysuite\/\" \/>\n<meta property=\"og:locale\" content=\"fr_CA\" \/>\n<meta property=\"og:type\" content=\"article\" \/>\n<meta property=\"og:title\" content=\"Trendex PaySuite - trendexsys.com\" \/>\n<meta property=\"og:description\" content=\"[vc_row][vc_column][vc_column_text css=\u00a0\u00bb\u00a0\u00bb] Trendex PaySuite [\/vc_column_text][\/vc_column][\/vc_row][vc_row][vc_column][vc_video link=\u00a0\u00bbhttps:\/\/www.youtube.com\/watch?v=OXy-z2ELq9M\u00a0\u00bb css=\u00a0\u00bb\u00a0\u00bb][\/vc_column][\/vc_row][vc_row][vc_column][vc_column_text css=\u00a0\u00bb\u00a0\u00bb] Trendex PaySuite Une solution de paiement tout-en-un transparente pour les distributeurs de gaz industriels et de soudage &nbsp; Trendex PaySuite int\u00e8gre le module de carte de cr\u00e9dit Trendex \u00e0 notre nouvelle plateforme Trendex Payments, un syst\u00e8me de traitement des paiements s\u00e9curis\u00e9 et enti\u00e8rement int\u00e9gr\u00e9 con\u00e7u sp\u00e9cifiquement pour&hellip;\" \/>\n<meta property=\"og:url\" content=\"https:\/\/trendexsys.com\/fr-ca\/trendex-paysuite\/\" \/>\n<meta property=\"og:site_name\" content=\"trendexsys.com\" \/>\n<meta property=\"article:modified_time\" content=\"2025-08-25T15:09:51+00:00\" \/>\n<meta name=\"twitter:card\" content=\"summary_large_image\" \/>\n<meta name=\"twitter:label1\" content=\"Estimation du temps de lecture\" \/>\n\t<meta name=\"twitter:data1\" content=\"2 minutes\" \/>\n<script type=\"application\/ld+json\" class=\"yoast-schema-graph\">{\"@context\":\"https:\/\/schema.org\",\"@graph\":[{\"@type\":\"WebPage\",\"@id\":\"https:\/\/trendexsys.com\/fr-ca\/trendex-paysuite\/\",\"url\":\"https:\/\/trendexsys.com\/fr-ca\/trendex-paysuite\/\",\"name\":\"Trendex PaySuite - trendexsys.com\",\"isPartOf\":{\"@id\":\"http:\/\/trendexsys.com\/fr-ca\/#website\"},\"datePublished\":\"2025-08-21T14:31:54+00:00\",\"dateModified\":\"2025-08-25T15:09:51+00:00\",\"breadcrumb\":{\"@id\":\"https:\/\/trendexsys.com\/fr-ca\/trendex-paysuite\/#breadcrumb\"},\"inLanguage\":\"fr-CA\",\"potentialAction\":[{\"@type\":\"ReadAction\",\"target\":[\"https:\/\/trendexsys.com\/fr-ca\/trendex-paysuite\/\"]}]},{\"@type\":\"BreadcrumbList\",\"@id\":\"https:\/\/trendexsys.com\/fr-ca\/trendex-paysuite\/#breadcrumb\",\"itemListElement\":[{\"@type\":\"ListItem\",\"position\":1,\"name\":\"Home\",\"item\":\"https:\/\/trendexsys.com\/fr-ca\/\"},{\"@type\":\"ListItem\",\"position\":2,\"name\":\"Trendex PaySuite\"}]},{\"@type\":\"WebSite\",\"@id\":\"http:\/\/trendexsys.com\/fr-ca\/#website\",\"url\":\"http:\/\/trendexsys.com\/fr-ca\/\",\"name\":\"trendexsys.com\",\"description\":\"\",\"potentialAction\":[{\"@type\":\"SearchAction\",\"target\":{\"@type\":\"EntryPoint\",\"urlTemplate\":\"http:\/\/trendexsys.com\/fr-ca\/?s={search_term_string}\"},\"query-input\":{\"@type\":\"PropertyValueSpecification\",\"valueRequired\":true,\"valueName\":\"search_term_string\"}}],\"inLanguage\":\"fr-CA\"}]}<\/script>\n<!-- \/ Yoast SEO plugin. -->","yoast_head_json":{"title":"Trendex PaySuite - trendexsys.com","robots":{"index":"index","follow":"follow","max-snippet":"max-snippet:-1","max-image-preview":"max-image-preview:large","max-video-preview":"max-video-preview:-1"},"canonical":"https:\/\/trendexsys.com\/fr-ca\/trendex-paysuite\/","og_locale":"fr_CA","og_type":"article","og_title":"Trendex PaySuite - trendexsys.com","og_description":"[vc_row][vc_column][vc_column_text css=\u00a0\u00bb\u00a0\u00bb] Trendex PaySuite [\/vc_column_text][\/vc_column][\/vc_row][vc_row][vc_column][vc_video link=\u00a0\u00bbhttps:\/\/www.youtube.com\/watch?v=OXy-z2ELq9M\u00a0\u00bb css=\u00a0\u00bb\u00a0\u00bb][\/vc_column][\/vc_row][vc_row][vc_column][vc_column_text css=\u00a0\u00bb\u00a0\u00bb] Trendex PaySuite Une solution de paiement tout-en-un transparente pour les distributeurs de gaz industriels et de soudage &nbsp; Trendex PaySuite int\u00e8gre le module de carte de cr\u00e9dit Trendex \u00e0 notre nouvelle plateforme Trendex Payments, un syst\u00e8me de traitement des paiements s\u00e9curis\u00e9 et enti\u00e8rement int\u00e9gr\u00e9 con\u00e7u sp\u00e9cifiquement pour&hellip;","og_url":"https:\/\/trendexsys.com\/fr-ca\/trendex-paysuite\/","og_site_name":"trendexsys.com","article_modified_time":"2025-08-25T15:09:51+00:00","twitter_card":"summary_large_image","twitter_misc":{"Estimation du temps de lecture":"2 minutes"},"schema":{"@context":"https:\/\/schema.org","@graph":[{"@type":"WebPage","@id":"https:\/\/trendexsys.com\/fr-ca\/trendex-paysuite\/","url":"https:\/\/trendexsys.com\/fr-ca\/trendex-paysuite\/","name":"Trendex PaySuite - trendexsys.com","isPartOf":{"@id":"http:\/\/trendexsys.com\/fr-ca\/#website"},"datePublished":"2025-08-21T14:31:54+00:00","dateModified":"2025-08-25T15:09:51+00:00","breadcrumb":{"@id":"https:\/\/trendexsys.com\/fr-ca\/trendex-paysuite\/#breadcrumb"},"inLanguage":"fr-CA","potentialAction":[{"@type":"ReadAction","target":["https:\/\/trendexsys.com\/fr-ca\/trendex-paysuite\/"]}]},{"@type":"BreadcrumbList","@id":"https:\/\/trendexsys.com\/fr-ca\/trendex-paysuite\/#breadcrumb","itemListElement":[{"@type":"ListItem","position":1,"name":"Home","item":"https:\/\/trendexsys.com\/fr-ca\/"},{"@type":"ListItem","position":2,"name":"Trendex PaySuite"}]},{"@type":"WebSite","@id":"http:\/\/trendexsys.com\/fr-ca\/#website","url":"http:\/\/trendexsys.com\/fr-ca\/","name":"trendexsys.com","description":"","potentialAction":[{"@type":"SearchAction","target":{"@type":"EntryPoint","urlTemplate":"http:\/\/trendexsys.com\/fr-ca\/?s={search_term_string}"},"query-input":{"@type":"PropertyValueSpecification","valueRequired":true,"valueName":"search_term_string"}}],"inLanguage":"fr-CA"}]}},"_links":{"self":[{"href":"https:\/\/trendexsys.com\/fr-ca\/wp-json\/wp\/v2\/pages\/2388","targetHints":{"allow":["GET"]}}],"collection":[{"href":"https:\/\/trendexsys.com\/fr-ca\/wp-json\/wp\/v2\/pages"}],"about":[{"href":"https:\/\/trendexsys.com\/fr-ca\/wp-json\/wp\/v2\/types\/page"}],"author":[{"embeddable":true,"href":"https:\/\/trendexsys.com\/fr-ca\/wp-json\/wp\/v2\/users\/2"}],"replies":[{"embeddable":true,"href":"https:\/\/trendexsys.com\/fr-ca\/wp-json\/wp\/v2\/comments?post=2388"}],"version-history":[{"count":6,"href":"https:\/\/trendexsys.com\/fr-ca\/wp-json\/wp\/v2\/pages\/2388\/revisions"}],"predecessor-version":[{"id":2445,"href":"https:\/\/trendexsys.com\/fr-ca\/wp-json\/wp\/v2\/pages\/2388\/revisions\/2445"}],"wp:attachment":[{"href":"https:\/\/trendexsys.com\/fr-ca\/wp-json\/wp\/v2\/media?parent=2388"}],"curies":[{"name":"wp","href":"https:\/\/api.w.org\/{rel}","templated":true}]}}