{"id":2379,"date":"2017-03-26T14:10:20","date_gmt":"2017-03-26T14:10:20","guid":{"rendered":"https:\/\/trendexsys.com\/a-propos-de-notre-entreprise\/"},"modified":"2025-08-25T14:12:04","modified_gmt":"2025-08-25T14:12:04","slug":"a-propos-de-notre-entreprise","status":"publish","type":"page","link":"https:\/\/trendexsys.com\/fr-ca\/a-propos-de-notre-entreprise\/","title":{"rendered":"\u00c0 propos"},"content":{"rendered":"<div class=\"wpb-content-wrapper\"><p>[vc_row type=\u00a0\u00bbvc_default\u00a0\u00bb css=\u00a0\u00bb.vc_custom_1476008791393{padding-top: 70px !important;padding-bottom: 25px !important;}\u00a0\u00bb][vc_column offset=\u00a0\u00bbvc_col-lg-6 vc_col-md-6 vc_col-xs-12&Prime; css=\u00a0\u00bb.vc_custom_1476005293248{padding-bottom: 50px !important;}\u00a0\u00bb]<div id=\"ultimate-heading-452369e77ee3d0055\" class=\"uvc-heading ult-adjust-bottom-margin ultimate-heading-452369e77ee3d0055 uvc-2784 \" data-hspacer=\"no_spacer\"  data-halign=\"left\" style=\"text-align:left\"><div class=\"uvc-heading-spacer no_spacer\" style=\"top\"><\/div><div class=\"uvc-main-heading ult-responsive\"  data-ultimate-target='.uvc-heading.ultimate-heading-452369e77ee3d0055 h2'  data-responsive-json-new='{\"font-size\":\"desktop:26px;\",\"line-height\":\"desktop:32px;\"}' ><h2 style=\"font-weight:bold;margin-bottom:20px;\">\u00c0 propos de Trendex Information Systems<\/h2><\/div><\/div>[vc_column_text css=\u00a0\u00bb\u00a0\u00bb]Trendex est un chef de file de confiance en mati\u00e8re de solutions ERP\/PGI (Progiciel de Gestion Int\u00e9gr\u00e9) pour l\u2019industrie de la distribution de gaz industriels et de soudure depuis des d\u00e9cennies. Fond\u00e9e par <strong>Soumitra Mukherjee<\/strong>, Trendex a \u00e9t\u00e9 fond\u00e9e sur la base de fournir des solutions logicielles innovantes, fiables et sp\u00e9cifiques \u00e0 l\u2019industrie qui aident les entreprises \u00e0 rationaliser leurs op\u00e9rations et \u00e0 stimuler leur croissance. Aux c\u00f4t\u00e9s de sa femme, <strong>Anna<\/strong>, Soumitra a fait de l\u2019entreprise le fournisseur ERP\/PGI le plus fiable de l\u2019industrie, gagnant la fid\u00e9lit\u00e9 des distributeurs de toute l\u2019Am\u00e9rique du Nord.<\/p>\n<p>&nbsp;<\/p>\n<h4><strong>Engag\u00e9 pour votre succ\u00e8s<\/strong><\/h4>\n<p>Trendex a \u00e9t\u00e9 cr\u00e9\u00e9e en tant qu\u2019organisation de d\u00e9veloppement et de services de logiciels. Depuis sa cr\u00e9ation en 1984, Trendex se consacre \u00e0 fournir le meilleur soutien possible aux clients actuels et futurs. Nos solutions sont con\u00e7ues pour minimiser le travail manuel dans la mesure du possible, tout en laissant place \u00e0 une expansion future \u00e0 mesure que les besoins des clients \u00e9voluent. Nous croyons qu\u2019un progiciel commercial ou industriel int\u00e9gr\u00e9 n\u2019est jamais vraiment termin\u00e9 \u2013 il peut toujours \u00eatre am\u00e9lior\u00e9 pour relever les d\u00e9fis \u00e9mergents.<\/p>\n<p>La flexibilit\u00e9 a toujours \u00e9t\u00e9 au c\u0153ur de notre philosophie. Au fil des ans, notre \u00e9quipe dynamique et professionnelle d\u2019analystes, de programmeurs et de personnel de soutien a relev\u00e9 des probl\u00e8mes complexes pr\u00e9sent\u00e9s par nos clients, trouvant toujours des solutions, m\u00eame si cela signifiait explorer de nouveaux domaines en informatique. Nous accueillons ces d\u00e9fis avec enthousiasme et continuons de nous diversifier dans les directions que prennent les entreprises de nos clients.<\/p>\n<p>&nbsp;<\/p>\n<h4>Un nouveau chapitre<\/h4>\n<p>Au printemps 2024, Trendex est entr\u00e9e dans un nouveau chapitre passionnant en \u00e9tant acquise par Valsoft Corporation, une entreprise mondiale r\u00e9put\u00e9e pour ses investissements et son expansion dans les entreprises de logiciels du march\u00e9 vertical. Cette acquisition a apport\u00e9 des ressources et une expertise importantes \u00e0 Trendex, ce qui lui a permis d\u2019am\u00e9liorer ses offres, d\u2019\u00e9largir ses capacit\u00e9s et de continuer \u00e0 offrir un service exceptionnel \u00e0 ses clients.<\/p>\n<p>Trendex est fier de servir ses clients \u00e0 travers l\u2019Am\u00e9rique du Nord, avec un soutien logiciel fourni directement \u00e0 partir de son si\u00e8ge social \u00e0 Montr\u00e9al, au Canada. Nos logiciels sont d\u00e9velopp\u00e9s localement pour r\u00e9pondre aux besoins sp\u00e9cifiques du march\u00e9 nord-am\u00e9ricain. \u00c0 mesure que de nouvelles m\u00e9thodes de fabrication et de distribution plus efficaces \u00e9voluent, nos solutions logicielles \u00e9voluent \u00e9galement. Nous restons d\u00e9termin\u00e9s \u00e0 r\u00e9pondre aux besoins des entreprises alors qu\u2019elles naviguent dans un march\u00e9 de plus en plus ouvert et mondial.<\/p>\n<p>Depuis qu\u2019elle s\u2019est jointe \u00e0 la famille Valsoft, Trendex a connu une croissance fulgurante, ajoutant de nouveaux talents et \u00e9largissant l\u2019\u00e9quipe pour mieux servir nos clients. Malgr\u00e9 cette croissance, nos valeurs fondamentales demeurent inchang\u00e9es : un engagement profond envers l\u2019innovation, la satisfaction de la client\u00e8le et la fourniture des solutions ERP les plus avanc\u00e9es adapt\u00e9es aux besoins uniques des secteurs des gaz industriels et de l\u2019approvisionnement en soudage.<\/p>\n<p>Alors que nous nous tournons vers l\u2019avenir, Trendex est ravi de s\u2019appuyer sur nos bases solides et de tirer parti de la port\u00e9e mondiale de Valsoft pour apporter encore plus de valeur \u00e0 nos clients. Nous remercions nos clients pour leur confiance et leur soutien continus alors que nous nous lan\u00e7ons ensemble dans ce nouveau voyage.[\/vc_column_text][\/vc_column][vc_column offset=\u00a0\u00bbvc_col-lg-6 vc_col-md-6 vc_col-xs-12&Prime; css=\u00a0\u00bb.vc_custom_1476005300152{padding-bottom: 50px !important;}\u00a0\u00bb][vc_single_image image=\u00a0\u00bb1918&Prime; img_size=\u00a0\u00bblarge\u00a0\u00bb css=\u00a0\u00bb\u00a0\u00bb][vc_single_image image=\u00a0\u00bb1921&Prime; img_size=\u00a0\u00bbmedium\u00a0\u00bb css=\u00a0\u00bb\u00a0\u00bb][vc_single_image image=\u00a0\u00bb1919&Prime; img_size=\u00a0\u00bbmedium\u00a0\u00bb css=\u00a0\u00bb\u00a0\u00bb][\/vc_column][\/vc_row]<\/p>\n<\/div>","protected":false},"excerpt":{"rendered":"<p>[vc_row type=\u00a0\u00bbvc_default\u00a0\u00bb css=\u00a0\u00bb.vc_custom_1476008791393{padding-top: 70px !important;padding-bottom: 25px !important;}\u00a0\u00bb][vc_column offset=\u00a0\u00bbvc_col-lg-6 vc_col-md-6 vc_col-xs-12&Prime; css=\u00a0\u00bb.vc_custom_1476005293248{padding-bottom: 50px !important;}\u00a0\u00bb][vc_column_text css=\u00a0\u00bb\u00a0\u00bb]Trendex est un chef de file de confiance en mati\u00e8re de solutions ERP\/PGI (Progiciel de Gestion Int\u00e9gr\u00e9) pour l\u2019industrie de la distribution de gaz industriels et de soudure depuis des d\u00e9cennies. Fond\u00e9e par Soumitra Mukherjee, Trendex a \u00e9t\u00e9 fond\u00e9e sur la base&hellip;<\/p>\n","protected":false},"author":1,"featured_media":0,"parent":0,"menu_order":0,"comment_status":"closed","ping_status":"closed","template":"","meta":{"footnotes":""},"class_list":["post-2379","page","type-page","status-publish","hentry","description-off"],"yoast_head":"<!-- This site is optimized with the Yoast SEO plugin v25.7 - https:\/\/yoast.com\/wordpress\/plugins\/seo\/ -->\n<title>\u00c0 propos - trendexsys.com<\/title>\n<meta name=\"description\" content=\"Trendex est un chef de file de confiance en mati\u00e8re de solutions ERP\/PGI pour l\u2019industrie de la distribution de gaz industriels et de soudure depuis des d\u00e9cennies. Fond\u00e9e par Soumitra Mukherjee, Trendex a \u00e9t\u00e9 fond\u00e9e sur la base de fournir des solutions logicielles innovantes, fiables et sp\u00e9cifiques \u00e0 l\u2019industrie qui aident les entreprises \u00e0 rationaliser leurs op\u00e9rations et \u00e0 stimuler leur croissance. Aux c\u00f4t\u00e9s de sa femme, Anna, Soumitra a fait de l\u2019entreprise le fournisseur ERP le plus fiable de l\u2019industrie, gagnant la fid\u00e9lit\u00e9 des distributeurs de toute l\u2019Am\u00e9rique du Nord.\" \/>\n<meta name=\"robots\" content=\"index, follow, max-snippet:-1, max-image-preview:large, max-video-preview:-1\" \/>\n<link rel=\"canonical\" href=\"https:\/\/trendexsys.com\/fr-ca\/a-propos-de-notre-entreprise\/\" \/>\n<meta property=\"og:locale\" content=\"fr_CA\" \/>\n<meta property=\"og:type\" content=\"article\" \/>\n<meta property=\"og:title\" content=\"\u00c0 propos - trendexsys.com\" \/>\n<meta property=\"og:description\" content=\"Trendex est un chef de file de confiance en mati\u00e8re de solutions ERP\/PGI pour l\u2019industrie de la distribution de gaz industriels et de soudure depuis des d\u00e9cennies. Fond\u00e9e par Soumitra Mukherjee, Trendex a \u00e9t\u00e9 fond\u00e9e sur la base de fournir des solutions logicielles innovantes, fiables et sp\u00e9cifiques \u00e0 l\u2019industrie qui aident les entreprises \u00e0 rationaliser leurs op\u00e9rations et \u00e0 stimuler leur croissance. Aux c\u00f4t\u00e9s de sa femme, Anna, Soumitra a fait de l\u2019entreprise le fournisseur ERP le plus fiable de l\u2019industrie, gagnant la fid\u00e9lit\u00e9 des distributeurs de toute l\u2019Am\u00e9rique du Nord.\" \/>\n<meta property=\"og:url\" content=\"https:\/\/trendexsys.com\/fr-ca\/a-propos-de-notre-entreprise\/\" \/>\n<meta property=\"og:site_name\" content=\"trendexsys.com\" \/>\n<meta property=\"article:modified_time\" content=\"2025-08-25T14:12:04+00:00\" \/>\n<meta name=\"twitter:card\" content=\"summary_large_image\" \/>\n<meta name=\"twitter:label1\" content=\"Estimation du temps de lecture\" \/>\n\t<meta name=\"twitter:data1\" content=\"3 minutes\" \/>\n<script type=\"application\/ld+json\" class=\"yoast-schema-graph\">{\"@context\":\"https:\/\/schema.org\",\"@graph\":[{\"@type\":\"WebPage\",\"@id\":\"https:\/\/trendexsys.com\/fr-ca\/a-propos-de-notre-entreprise\/\",\"url\":\"https:\/\/trendexsys.com\/fr-ca\/a-propos-de-notre-entreprise\/\",\"name\":\"\u00c0 propos - trendexsys.com\",\"isPartOf\":{\"@id\":\"http:\/\/trendexsys.com\/fr-ca\/#website\"},\"datePublished\":\"2017-03-26T14:10:20+00:00\",\"dateModified\":\"2025-08-25T14:12:04+00:00\",\"description\":\"Trendex est un chef de file de confiance en mati\u00e8re de solutions ERP\/PGI pour l\u2019industrie de la distribution de gaz industriels et de soudure depuis des d\u00e9cennies. Fond\u00e9e par Soumitra Mukherjee, Trendex a \u00e9t\u00e9 fond\u00e9e sur la base de fournir des solutions logicielles innovantes, fiables et sp\u00e9cifiques \u00e0 l\u2019industrie qui aident les entreprises \u00e0 rationaliser leurs op\u00e9rations et \u00e0 stimuler leur croissance. Aux c\u00f4t\u00e9s de sa femme, Anna, Soumitra a fait de l\u2019entreprise le fournisseur ERP le plus fiable de l\u2019industrie, gagnant la fid\u00e9lit\u00e9 des distributeurs de toute l\u2019Am\u00e9rique du Nord.\",\"breadcrumb\":{\"@id\":\"https:\/\/trendexsys.com\/fr-ca\/a-propos-de-notre-entreprise\/#breadcrumb\"},\"inLanguage\":\"fr-CA\",\"potentialAction\":[{\"@type\":\"ReadAction\",\"target\":[\"https:\/\/trendexsys.com\/fr-ca\/a-propos-de-notre-entreprise\/\"]}]},{\"@type\":\"BreadcrumbList\",\"@id\":\"https:\/\/trendexsys.com\/fr-ca\/a-propos-de-notre-entreprise\/#breadcrumb\",\"itemListElement\":[{\"@type\":\"ListItem\",\"position\":1,\"name\":\"Home\",\"item\":\"https:\/\/trendexsys.com\/fr-ca\/\"},{\"@type\":\"ListItem\",\"position\":2,\"name\":\"\u00c0 propos\"}]},{\"@type\":\"WebSite\",\"@id\":\"http:\/\/trendexsys.com\/fr-ca\/#website\",\"url\":\"http:\/\/trendexsys.com\/fr-ca\/\",\"name\":\"trendexsys.com\",\"description\":\"\",\"potentialAction\":[{\"@type\":\"SearchAction\",\"target\":{\"@type\":\"EntryPoint\",\"urlTemplate\":\"http:\/\/trendexsys.com\/fr-ca\/?s={search_term_string}\"},\"query-input\":{\"@type\":\"PropertyValueSpecification\",\"valueRequired\":true,\"valueName\":\"search_term_string\"}}],\"inLanguage\":\"fr-CA\"}]}<\/script>\n<!-- \/ Yoast SEO plugin. -->","yoast_head_json":{"title":"\u00c0 propos - trendexsys.com","description":"Trendex est un chef de file de confiance en mati\u00e8re de solutions ERP\/PGI pour l\u2019industrie de la distribution de gaz industriels et de soudure depuis des d\u00e9cennies. Fond\u00e9e par Soumitra Mukherjee, Trendex a \u00e9t\u00e9 fond\u00e9e sur la base de fournir des solutions logicielles innovantes, fiables et sp\u00e9cifiques \u00e0 l\u2019industrie qui aident les entreprises \u00e0 rationaliser leurs op\u00e9rations et \u00e0 stimuler leur croissance. Aux c\u00f4t\u00e9s de sa femme, Anna, Soumitra a fait de l\u2019entreprise le fournisseur ERP le plus fiable de l\u2019industrie, gagnant la fid\u00e9lit\u00e9 des distributeurs de toute l\u2019Am\u00e9rique du Nord.","robots":{"index":"index","follow":"follow","max-snippet":"max-snippet:-1","max-image-preview":"max-image-preview:large","max-video-preview":"max-video-preview:-1"},"canonical":"https:\/\/trendexsys.com\/fr-ca\/a-propos-de-notre-entreprise\/","og_locale":"fr_CA","og_type":"article","og_title":"\u00c0 propos - trendexsys.com","og_description":"Trendex est un chef de file de confiance en mati\u00e8re de solutions ERP\/PGI pour l\u2019industrie de la distribution de gaz industriels et de soudure depuis des d\u00e9cennies. Fond\u00e9e par Soumitra Mukherjee, Trendex a \u00e9t\u00e9 fond\u00e9e sur la base de fournir des solutions logicielles innovantes, fiables et sp\u00e9cifiques \u00e0 l\u2019industrie qui aident les entreprises \u00e0 rationaliser leurs op\u00e9rations et \u00e0 stimuler leur croissance. Aux c\u00f4t\u00e9s de sa femme, Anna, Soumitra a fait de l\u2019entreprise le fournisseur ERP le plus fiable de l\u2019industrie, gagnant la fid\u00e9lit\u00e9 des distributeurs de toute l\u2019Am\u00e9rique du Nord.","og_url":"https:\/\/trendexsys.com\/fr-ca\/a-propos-de-notre-entreprise\/","og_site_name":"trendexsys.com","article_modified_time":"2025-08-25T14:12:04+00:00","twitter_card":"summary_large_image","twitter_misc":{"Estimation du temps de lecture":"3 minutes"},"schema":{"@context":"https:\/\/schema.org","@graph":[{"@type":"WebPage","@id":"https:\/\/trendexsys.com\/fr-ca\/a-propos-de-notre-entreprise\/","url":"https:\/\/trendexsys.com\/fr-ca\/a-propos-de-notre-entreprise\/","name":"\u00c0 propos - trendexsys.com","isPartOf":{"@id":"http:\/\/trendexsys.com\/fr-ca\/#website"},"datePublished":"2017-03-26T14:10:20+00:00","dateModified":"2025-08-25T14:12:04+00:00","description":"Trendex est un chef de file de confiance en mati\u00e8re de solutions ERP\/PGI pour l\u2019industrie de la distribution de gaz industriels et de soudure depuis des d\u00e9cennies. Fond\u00e9e par Soumitra Mukherjee, Trendex a \u00e9t\u00e9 fond\u00e9e sur la base de fournir des solutions logicielles innovantes, fiables et sp\u00e9cifiques \u00e0 l\u2019industrie qui aident les entreprises \u00e0 rationaliser leurs op\u00e9rations et \u00e0 stimuler leur croissance. Aux c\u00f4t\u00e9s de sa femme, Anna, Soumitra a fait de l\u2019entreprise le fournisseur ERP le plus fiable de l\u2019industrie, gagnant la fid\u00e9lit\u00e9 des distributeurs de toute l\u2019Am\u00e9rique du Nord.","breadcrumb":{"@id":"https:\/\/trendexsys.com\/fr-ca\/a-propos-de-notre-entreprise\/#breadcrumb"},"inLanguage":"fr-CA","potentialAction":[{"@type":"ReadAction","target":["https:\/\/trendexsys.com\/fr-ca\/a-propos-de-notre-entreprise\/"]}]},{"@type":"BreadcrumbList","@id":"https:\/\/trendexsys.com\/fr-ca\/a-propos-de-notre-entreprise\/#breadcrumb","itemListElement":[{"@type":"ListItem","position":1,"name":"Home","item":"https:\/\/trendexsys.com\/fr-ca\/"},{"@type":"ListItem","position":2,"name":"\u00c0 propos"}]},{"@type":"WebSite","@id":"http:\/\/trendexsys.com\/fr-ca\/#website","url":"http:\/\/trendexsys.com\/fr-ca\/","name":"trendexsys.com","description":"","potentialAction":[{"@type":"SearchAction","target":{"@type":"EntryPoint","urlTemplate":"http:\/\/trendexsys.com\/fr-ca\/?s={search_term_string}"},"query-input":{"@type":"PropertyValueSpecification","valueRequired":true,"valueName":"search_term_string"}}],"inLanguage":"fr-CA"}]}},"_links":{"self":[{"href":"https:\/\/trendexsys.com\/fr-ca\/wp-json\/wp\/v2\/pages\/2379","targetHints":{"allow":["GET"]}}],"collection":[{"href":"https:\/\/trendexsys.com\/fr-ca\/wp-json\/wp\/v2\/pages"}],"about":[{"href":"https:\/\/trendexsys.com\/fr-ca\/wp-json\/wp\/v2\/types\/page"}],"author":[{"embeddable":true,"href":"https:\/\/trendexsys.com\/fr-ca\/wp-json\/wp\/v2\/users\/1"}],"replies":[{"embeddable":true,"href":"https:\/\/trendexsys.com\/fr-ca\/wp-json\/wp\/v2\/comments?post=2379"}],"version-history":[{"count":6,"href":"https:\/\/trendexsys.com\/fr-ca\/wp-json\/wp\/v2\/pages\/2379\/revisions"}],"predecessor-version":[{"id":2430,"href":"https:\/\/trendexsys.com\/fr-ca\/wp-json\/wp\/v2\/pages\/2379\/revisions\/2430"}],"wp:attachment":[{"href":"https:\/\/trendexsys.com\/fr-ca\/wp-json\/wp\/v2\/media?parent=2379"}],"curies":[{"name":"wp","href":"https:\/\/api.w.org\/{rel}","templated":true}]}}