{"id":2378,"date":"2025-08-13T13:53:40","date_gmt":"2025-08-13T13:53:40","guid":{"rendered":"https:\/\/trendexsys.com\/developpement-et-programmation-sur-mesure\/"},"modified":"2025-08-21T23:43:14","modified_gmt":"2025-08-21T23:43:14","slug":"developpement-et-programmation-sur-mesure","status":"publish","type":"page","link":"https:\/\/trendexsys.com\/fr-ca\/developpement-et-programmation-sur-mesure\/","title":{"rendered":"D\u00e9veloppement et programmation sur mesure"},"content":{"rendered":"<div class=\"wpb-content-wrapper\"><p>[vc_row][vc_column][vc_column_text css=\u00a0\u00bb\u00a0\u00bb]<\/p>\n<h2><b><span data-contrast=\"none\">\ud83d\udcbb D\u00e9veloppement et programmation sur mesure<\/span><\/b><\/h2>\n<p>&nbsp;<\/p>\n<h3><b><span data-contrast=\"none\">Des am\u00e9liorations ERP\/PGI sur mesure, con\u00e7ues sp\u00e9cialement pour vous<\/span><\/b><span data-ccp-props=\"{\"134233117\":false,\"134233118\":false,\"134245418\":true,\"134245529\":true,\"335551550\":0,\"335551620\":0,\"335559738\":281,\"335559739\":281}\"> <\/span><\/h3>\n<p><span data-contrast=\"auto\">Chez Trendex, nous savons qu\u2019il n\u2019y a pas deux entreprises exactement identiques. C\u2019est pourquoi nous offrons   <\/span><b><span data-contrast=\"auto\">des services de programmation et de d\u00e9veloppement de logiciels personnalis\u00e9s<\/span><\/b><span data-contrast=\"auto\"> pour adapter votre ERP\/PGI \u00e0 vos flux de travail r\u00e9els, aux demandes de l\u2019industrie et aux objectifs futurs.<\/span><span data-ccp-props=\"{\"134233117\":false,\"134233118\":false,\"335551550\":0,\"335551620\":0,\"335559738\":240,\"335559739\":240}\"> <\/span><\/p>\n<p><span data-contrast=\"auto\">Que vous ayez besoin d\u2019un nouveau rapport, d\u2019un module sp\u00e9cialis\u00e9, d\u2019une automatisation personnalis\u00e9e ou d\u2019une int\u00e9gration transparente avec des syst\u00e8mes tiers, notre \u00e9quipe de d\u00e9veloppement est pr\u00eate \u00e0 transformer vos id\u00e9es en fonctionnalit\u00e9s enti\u00e8rement int\u00e9gr\u00e9es et prises en charge, sans compromettre la stabilit\u00e9 de base de votre ERP\/PGI.<\/span><span data-ccp-props=\"{\"134233117\":false,\"134233118\":false,\"335551550\":0,\"335551620\":0,\"335559738\":240,\"335559739\":240}\"> <\/span><\/p>\n<p><span data-ccp-props=\"{\"335551550\":0,\"335551620\":0}\"> <\/span><\/p>\n<h3><b><span data-contrast=\"none\">\ud83d\udd27 Ce que nous offrons<\/span><\/b><span data-ccp-props=\"{\"134233117\":false,\"134233118\":false,\"134245418\":true,\"134245529\":true,\"335551550\":0,\"335551620\":0,\"335559738\":281,\"335559739\":281}\"> <\/span><\/h3>\n<ul>\n<li data-leveltext=\"\uf0b7\" data-font=\"Symbol\" data-listid=\"17\" data-list-defn-props=\"{\"335552541\":1,\"335559683\":0,\"335559684\":-2,\"335559685\":720,\"335559991\":360,\"469769226\":\"Symbol\",\"469769242\":[8226],\"469777803\":\"left\",\"469777804\":\"\uf0b7\",\"469777815\":\"hybridMultilevel\"}\" data-aria-posinset=\"1\" data-aria-level=\"1\"><b><span data-contrast=\"auto\">Modules et modules compl\u00e9mentaires<\/span><\/b><span data-contrast=\"auto\"> personnalis\u00e9s adapt\u00e9s \u00e0 vos besoins op\u00e9rationnels<\/span><span data-ccp-props=\"{\"134233117\":false,\"134233118\":false,\"335551550\":0,\"335551620\":0,\"335559738\":240,\"335559739\":240}\"> <\/span><\/li>\n<\/ul>\n<ul>\n<li data-leveltext=\"\uf0b7\" data-font=\"Symbol\" data-listid=\"17\" data-list-defn-props=\"{\"335552541\":1,\"335559683\":0,\"335559684\":-2,\"335559685\":720,\"335559991\":360,\"469769226\":\"Symbol\",\"469769242\":[8226],\"469777803\":\"left\",\"469777804\":\"\uf0b7\",\"469777815\":\"hybridMultilevel\"}\" data-aria-posinset=\"2\" data-aria-level=\"1\"><b><span data-contrast=\"auto\">Rapports d\u2019affaires sp\u00e9cialis\u00e9s<\/span><\/b><span data-contrast=\"auto\"> pour appuyer la prise de d\u00e9cision<\/span><span data-ccp-props=\"{\"134233117\":false,\"134233118\":false,\"335551550\":0,\"335551620\":0,\"335559738\":240,\"335559739\":240}\"> <\/span><\/li>\n<\/ul>\n<ul>\n<li data-leveltext=\"\uf0b7\" data-font=\"Symbol\" data-listid=\"17\" data-list-defn-props=\"{\"335552541\":1,\"335559683\":0,\"335559684\":-2,\"335559685\":720,\"335559991\":360,\"469769226\":\"Symbol\",\"469769242\":[8226],\"469777803\":\"left\",\"469777804\":\"\uf0b7\",\"469777815\":\"hybridMultilevel\"}\" data-aria-posinset=\"3\" data-aria-level=\"1\"><b><span data-contrast=\"auto\">Automatisation des t\u00e2ches r\u00e9currentes<\/span><\/b><span data-contrast=\"auto\"> pour r\u00e9duire la saisie manuelle<\/span><span data-ccp-props=\"{\"134233117\":false,\"134233118\":false,\"335551550\":0,\"335551620\":0,\"335559738\":240,\"335559739\":240}\"> <\/span><\/li>\n<\/ul>\n<ul>\n<li data-leveltext=\"\uf0b7\" data-font=\"Symbol\" data-listid=\"17\" data-list-defn-props=\"{\"335552541\":1,\"335559683\":0,\"335559684\":-2,\"335559685\":720,\"335559991\":360,\"469769226\":\"Symbol\",\"469769242\":[8226],\"469777803\":\"left\",\"469777804\":\"\uf0b7\",\"469777815\":\"hybridMultilevel\"}\" data-aria-posinset=\"4\" data-aria-level=\"1\"><b><span data-contrast=\"auto\">Int\u00e9gration de syst\u00e8mes tiers<\/span><\/b><span data-contrast=\"auto\"> (scanners, processeurs de paiement, fret, etc.)<\/span><span data-ccp-props=\"{\"134233117\":false,\"134233118\":false,\"335551550\":0,\"335551620\":0,\"335559738\":240,\"335559739\":240}\"> <\/span><\/li>\n<\/ul>\n<ul>\n<li data-leveltext=\"\uf0b7\" data-font=\"Symbol\" data-listid=\"17\" data-list-defn-props=\"{\"335552541\":1,\"335559683\":0,\"335559684\":-2,\"335559685\":720,\"335559991\":360,\"469769226\":\"Symbol\",\"469769242\":[8226],\"469777803\":\"left\",\"469777804\":\"\uf0b7\",\"469777815\":\"hybridMultilevel\"}\" data-aria-posinset=\"5\" data-aria-level=\"1\"><b><span data-contrast=\"auto\">Personnalisation de la mise en page des formulaires et de l\u2019impression<\/span><\/b><span data-contrast=\"auto\"> (factures, bordereaux de livraison, etc.)<\/span><span data-ccp-props=\"{\"134233117\":false,\"134233118\":false,\"335551550\":0,\"335551620\":0,\"335559738\":240,\"335559739\":240}\"> <\/span><\/li>\n<\/ul>\n<ul>\n<li data-leveltext=\"\uf0b7\" data-font=\"Symbol\" data-listid=\"17\" data-list-defn-props=\"{\"335552541\":1,\"335559683\":0,\"335559684\":-2,\"335559685\":720,\"335559991\":360,\"469769226\":\"Symbol\",\"469769242\":[8226],\"469777803\":\"left\",\"469777804\":\"\uf0b7\",\"469777815\":\"hybridMultilevel\"}\" data-aria-posinset=\"6\" data-aria-level=\"1\"><b><span data-contrast=\"auto\">Adaptations pour les changements r\u00e9glementaires ou de conformit\u00e9<\/span><\/b><span data-ccp-props=\"{\"134233117\":false,\"134233118\":false,\"335551550\":0,\"335551620\":0,\"335559738\":240,\"335559739\":240}\"> <\/span><\/li>\n<\/ul>\n<ul>\n<li data-leveltext=\"\uf0b7\" data-font=\"Symbol\" data-listid=\"17\" data-list-defn-props=\"{\"335552541\":1,\"335559683\":0,\"335559684\":-2,\"335559685\":720,\"335559991\":360,\"469769226\":\"Symbol\",\"469769242\":[8226],\"469777803\":\"left\",\"469777804\":\"\uf0b7\",\"469777815\":\"hybridMultilevel\"}\" data-aria-posinset=\"7\" data-aria-level=\"1\"><b><span data-contrast=\"auto\">Des outils d\u2019optimisation des processus<\/span><\/b><span data-contrast=\"auto\"> d\u00e9velopp\u00e9s avec vous, pour vous<\/span><span data-ccp-props=\"{\"134233117\":false,\"134233118\":false,\"335551550\":0,\"335551620\":0,\"335559738\":240,\"335559739\":240}\"> <\/span><\/li>\n<\/ul>\n<p><span data-ccp-props=\"{\"335551550\":0,\"335551620\":0}\"> <\/span><\/p>\n<h3><b><span data-contrast=\"none\">\ud83d\udca1 Pourquoi choisir le d\u00e9veloppement sur mesure de Trendex?<\/span><\/b><span data-ccp-props=\"{\"134233117\":false,\"134233118\":false,\"134245418\":true,\"134245529\":true,\"335551550\":0,\"335551620\":0,\"335559738\":281,\"335559739\":281}\"> <\/span><\/h3>\n<ul>\n<li data-leveltext=\"\uf0b7\" data-font=\"Symbol\" data-listid=\"18\" data-list-defn-props=\"{\"335552541\":1,\"335559683\":0,\"335559684\":-2,\"335559685\":720,\"335559991\":360,\"469769226\":\"Symbol\",\"469769242\":[8226],\"469777803\":\"left\",\"469777804\":\"\uf0b7\",\"469777815\":\"hybridMultilevel\"}\" data-aria-posinset=\"1\" data-aria-level=\"1\"><span data-contrast=\"auto\">Des d\u00e9cennies d\u2019exp\u00e9rience <\/span><b><span data-contrast=\"auto\">sp\u00e9cifique \u00e0 l\u2019industrie<\/span><\/b><span data-ccp-props=\"{\"134233117\":false,\"134233118\":false,\"335551550\":0,\"335551620\":0,\"335559738\":240,\"335559739\":240}\"> <\/span><\/li>\n<\/ul>\n<ul>\n<li data-leveltext=\"\uf0b7\" data-font=\"Symbol\" data-listid=\"18\" data-list-defn-props=\"{\"335552541\":1,\"335559683\":0,\"335559684\":-2,\"335559685\":720,\"335559991\":360,\"469769226\":\"Symbol\",\"469769242\":[8226],\"469777803\":\"left\",\"469777804\":\"\uf0b7\",\"469777815\":\"hybridMultilevel\"}\" data-aria-posinset=\"2\" data-aria-level=\"1\"><span data-contrast=\"auto\">Connaissance approfondie des <\/span><span data-contrast=\"auto\"> environnements<\/span> <b><span data-contrast=\"auto\">GasTrend et BBj\/Java<\/span><\/b><span data-ccp-props=\"{\"134233117\":false,\"134233118\":false,\"335551550\":0,\"335551620\":0,\"335559738\":240,\"335559739\":240}\"> <\/span><\/li>\n<\/ul>\n<ul>\n<li data-leveltext=\"\uf0b7\" data-font=\"Symbol\" data-listid=\"18\" data-list-defn-props=\"{\"335552541\":1,\"335559683\":0,\"335559684\":-2,\"335559685\":720,\"335559991\":360,\"469769226\":\"Symbol\",\"469769242\":[8226],\"469777803\":\"left\",\"469777804\":\"\uf0b7\",\"469777815\":\"hybridMultilevel\"}\" data-aria-posinset=\"3\" data-aria-level=\"1\"><span data-contrast=\"auto\">Une \u00e9quipe agile et r\u00e9active pr\u00eate \u00e0 r\u00e9soudre vos d\u00e9fis ERP\/PGI les plus difficiles<\/span><span data-ccp-props=\"{\"134233117\":false,\"134233118\":false,\"335551550\":0,\"335551620\":0,\"335559738\":240,\"335559739\":240}\"> <\/span><\/li>\n<\/ul>\n<ul>\n<li data-leveltext=\"\uf0b7\" data-font=\"Symbol\" data-listid=\"18\" data-list-defn-props=\"{\"335552541\":1,\"335559683\":0,\"335559684\":-2,\"335559685\":720,\"335559991\":360,\"469769226\":\"Symbol\",\"469769242\":[8226],\"469777803\":\"left\",\"469777804\":\"\uf0b7\",\"469777815\":\"hybridMultilevel\"}\" data-aria-posinset=\"4\" data-aria-level=\"1\"><span data-contrast=\"auto\">Une philosophie d\u2019am\u00e9lioration continue \u2013<\/span> <b><span data-contrast=\"auto\">nous ne disons pas \u00ab \u00e7a ne peut pas \u00eatre fait \u00bb<\/span><\/b><span data-ccp-props=\"{\"134233117\":false,\"134233118\":false,\"335551550\":0,\"335551620\":0,\"335559738\":240,\"335559739\":240}\"> <\/span><\/li>\n<\/ul>\n<ul>\n<li data-leveltext=\"\uf0b7\" data-font=\"Symbol\" data-listid=\"18\" data-list-defn-props=\"{\"335552541\":1,\"335559683\":0,\"335559684\":-2,\"335559685\":720,\"335559991\":360,\"469769226\":\"Symbol\",\"469769242\":[8226],\"469777803\":\"left\",\"469777804\":\"\uf0b7\",\"469777815\":\"hybridMultilevel\"}\" data-aria-posinset=\"5\" data-aria-level=\"1\"><span data-contrast=\"auto\">Tout le travail est effectu\u00e9 <\/span><b><span data-contrast=\"auto\">\u00e0 l\u2019interne<\/span><\/b><span data-contrast=\"auto\"> par des d\u00e9veloppeurs qui connaissent votre syst\u00e8me<\/span><span data-ccp-props=\"{\"134233117\":false,\"134233118\":false,\"335551550\":0,\"335551620\":0,\"335559738\":240,\"335559739\":240}\"> <\/span><\/li>\n<\/ul>\n<p><span data-ccp-props=\"{\"335551550\":0,\"335551620\":0}\"> <\/span><\/p>\n<h3><b><span data-contrast=\"none\">\ud83d\udd04 Construit autour de vous, soutenu par nous<\/span><\/b><span data-ccp-props=\"{\"134233117\":false,\"134233118\":false,\"134245418\":true,\"134245529\":true,\"335551550\":0,\"335551620\":0,\"335559738\":281,\"335559739\":281}\"> <\/span><\/h3>\n<p><span data-contrast=\"auto\">Notre approche est collaborative : vous nous dites ce dont vous avez besoin, et nous vous recommanderons la fa\u00e7on la plus propre et la plus facile \u00e0 entretenir de le faire. Notre objectif n\u2019est pas seulement de r\u00e9pondre \u00e0 vos attentes, mais aussi de   <\/span>les <b><span data-contrast=\"auto\">d\u00e9passer tout en pr\u00e9servant la fiabilit\u00e9 \u00e0 long terme de votre syst\u00e8me<\/span><\/b><span data-contrast=\"auto\">.<\/span><span data-ccp-props=\"{\"134233117\":false,\"134233118\":false,\"335551550\":0,\"335551620\":0,\"335559738\":240,\"335559739\":240}\"> <\/span><\/p>\n<p><span data-contrast=\"auto\">Construisons ce dont votre entreprise a vraiment besoin. Contactez-nous d\u00e8s aujourd\u2019hui pour discuter de votre projet de d\u00e9veloppement sur mesure. <\/span><span data-ccp-props=\"{\"134233117\":false,\"134233118\":false,\"335551550\":0,\"335551620\":0,\"335559738\":240,\"335559739\":240}\"> <\/span>[\/vc_column_text][\/vc_column][\/vc_row]<\/p>\n<\/div>","protected":false},"excerpt":{"rendered":"<p>[vc_row][vc_column][vc_column_text css=\u00a0\u00bb\u00a0\u00bb] \ud83d\udcbb D\u00e9veloppement et programmation sur mesure &nbsp; Des am\u00e9liorations ERP\/PGI sur mesure, con\u00e7ues sp\u00e9cialement pour vous Chez Trendex, nous savons qu\u2019il n\u2019y a pas deux entreprises exactement identiques. C\u2019est pourquoi nous offrons des services de programmation et de d\u00e9veloppement de logiciels personnalis\u00e9s pour adapter votre ERP\/PGI \u00e0 vos flux de travail r\u00e9els, aux&hellip;<\/p>\n","protected":false},"author":1,"featured_media":0,"parent":0,"menu_order":0,"comment_status":"closed","ping_status":"closed","template":"","meta":{"footnotes":""},"class_list":["post-2378","page","type-page","status-publish","hentry","description-off"],"yoast_head":"<!-- This site is optimized with the Yoast SEO plugin v25.7 - https:\/\/yoast.com\/wordpress\/plugins\/seo\/ -->\n<title>D\u00e9veloppement et programmation sur mesure - trendexsys.com<\/title>\n<meta name=\"description\" content=\"D\u00e9veloppement et programmation personnalis\u00e9s - Am\u00e9liorations ERP\/PGI sur mesure con\u00e7ues juste pour vous Chez Trendex, nous savons qu\u2019il n\u2019y a pas deux entreprises exactement identiques. C\u2019est pourquoi nous offrons des services de programmation et de d\u00e9veloppement de logiciels personnalis\u00e9s pour adapter votre ERP \u00e0 vos flux de travail r\u00e9els, aux demandes de l\u2019industrie et aux objectifs futurs. Que vous ayez besoin d\u2019un nouveau rapport, d\u2019un module sp\u00e9cialis\u00e9, d\u2019une automatisation personnalis\u00e9e ou d\u2019une int\u00e9gration transparente avec des syst\u00e8mes tiers, notre \u00e9quipe de d\u00e9veloppement est pr\u00eate \u00e0 transformer vos id\u00e9es en fonctionnalit\u00e9s enti\u00e8rement int\u00e9gr\u00e9es et prises en charge, sans compromettre la stabilit\u00e9 de base de votre ERP\/PGI.\" \/>\n<meta name=\"robots\" content=\"index, follow, max-snippet:-1, max-image-preview:large, max-video-preview:-1\" \/>\n<link rel=\"canonical\" href=\"https:\/\/trendexsys.com\/fr-ca\/developpement-et-programmation-sur-mesure\/\" \/>\n<meta property=\"og:locale\" content=\"fr_CA\" \/>\n<meta property=\"og:type\" content=\"article\" \/>\n<meta property=\"og:title\" content=\"D\u00e9veloppement et programmation sur mesure - trendexsys.com\" \/>\n<meta property=\"og:description\" content=\"D\u00e9veloppement et programmation personnalis\u00e9s - Am\u00e9liorations ERP\/PGI sur mesure con\u00e7ues juste pour vous Chez Trendex, nous savons qu\u2019il n\u2019y a pas deux entreprises exactement identiques. C\u2019est pourquoi nous offrons des services de programmation et de d\u00e9veloppement de logiciels personnalis\u00e9s pour adapter votre ERP \u00e0 vos flux de travail r\u00e9els, aux demandes de l\u2019industrie et aux objectifs futurs. Que vous ayez besoin d\u2019un nouveau rapport, d\u2019un module sp\u00e9cialis\u00e9, d\u2019une automatisation personnalis\u00e9e ou d\u2019une int\u00e9gration transparente avec des syst\u00e8mes tiers, notre \u00e9quipe de d\u00e9veloppement est pr\u00eate \u00e0 transformer vos id\u00e9es en fonctionnalit\u00e9s enti\u00e8rement int\u00e9gr\u00e9es et prises en charge, sans compromettre la stabilit\u00e9 de base de votre ERP\/PGI.\" \/>\n<meta property=\"og:url\" content=\"https:\/\/trendexsys.com\/fr-ca\/developpement-et-programmation-sur-mesure\/\" \/>\n<meta property=\"og:site_name\" content=\"trendexsys.com\" \/>\n<meta property=\"article:modified_time\" content=\"2025-08-21T23:43:14+00:00\" \/>\n<meta name=\"twitter:card\" content=\"summary_large_image\" \/>\n<meta name=\"twitter:label1\" content=\"Estimation du temps de lecture\" \/>\n\t<meta name=\"twitter:data1\" content=\"2 minutes\" \/>\n<script type=\"application\/ld+json\" class=\"yoast-schema-graph\">{\"@context\":\"https:\/\/schema.org\",\"@graph\":[{\"@type\":\"WebPage\",\"@id\":\"https:\/\/trendexsys.com\/fr-ca\/developpement-et-programmation-sur-mesure\/\",\"url\":\"https:\/\/trendexsys.com\/fr-ca\/developpement-et-programmation-sur-mesure\/\",\"name\":\"D\u00e9veloppement et programmation sur mesure - trendexsys.com\",\"isPartOf\":{\"@id\":\"http:\/\/trendexsys.com\/fr-ca\/#website\"},\"datePublished\":\"2025-08-13T13:53:40+00:00\",\"dateModified\":\"2025-08-21T23:43:14+00:00\",\"description\":\"D\u00e9veloppement et programmation personnalis\u00e9s - Am\u00e9liorations ERP\/PGI sur mesure con\u00e7ues juste pour vous Chez Trendex, nous savons qu\u2019il n\u2019y a pas deux entreprises exactement identiques. C\u2019est pourquoi nous offrons des services de programmation et de d\u00e9veloppement de logiciels personnalis\u00e9s pour adapter votre ERP \u00e0 vos flux de travail r\u00e9els, aux demandes de l\u2019industrie et aux objectifs futurs. Que vous ayez besoin d\u2019un nouveau rapport, d\u2019un module sp\u00e9cialis\u00e9, d\u2019une automatisation personnalis\u00e9e ou d\u2019une int\u00e9gration transparente avec des syst\u00e8mes tiers, notre \u00e9quipe de d\u00e9veloppement est pr\u00eate \u00e0 transformer vos id\u00e9es en fonctionnalit\u00e9s enti\u00e8rement int\u00e9gr\u00e9es et prises en charge, sans compromettre la stabilit\u00e9 de base de votre ERP\/PGI.\",\"breadcrumb\":{\"@id\":\"https:\/\/trendexsys.com\/fr-ca\/developpement-et-programmation-sur-mesure\/#breadcrumb\"},\"inLanguage\":\"fr-CA\",\"potentialAction\":[{\"@type\":\"ReadAction\",\"target\":[\"https:\/\/trendexsys.com\/fr-ca\/developpement-et-programmation-sur-mesure\/\"]}]},{\"@type\":\"BreadcrumbList\",\"@id\":\"https:\/\/trendexsys.com\/fr-ca\/developpement-et-programmation-sur-mesure\/#breadcrumb\",\"itemListElement\":[{\"@type\":\"ListItem\",\"position\":1,\"name\":\"Home\",\"item\":\"https:\/\/trendexsys.com\/fr-ca\/\"},{\"@type\":\"ListItem\",\"position\":2,\"name\":\"D\u00e9veloppement et programmation sur mesure\"}]},{\"@type\":\"WebSite\",\"@id\":\"http:\/\/trendexsys.com\/fr-ca\/#website\",\"url\":\"http:\/\/trendexsys.com\/fr-ca\/\",\"name\":\"trendexsys.com\",\"description\":\"\",\"potentialAction\":[{\"@type\":\"SearchAction\",\"target\":{\"@type\":\"EntryPoint\",\"urlTemplate\":\"http:\/\/trendexsys.com\/fr-ca\/?s={search_term_string}\"},\"query-input\":{\"@type\":\"PropertyValueSpecification\",\"valueRequired\":true,\"valueName\":\"search_term_string\"}}],\"inLanguage\":\"fr-CA\"}]}<\/script>\n<!-- \/ Yoast SEO plugin. -->","yoast_head_json":{"title":"D\u00e9veloppement et programmation sur mesure - trendexsys.com","description":"D\u00e9veloppement et programmation personnalis\u00e9s - Am\u00e9liorations ERP\/PGI sur mesure con\u00e7ues juste pour vous Chez Trendex, nous savons qu\u2019il n\u2019y a pas deux entreprises exactement identiques. C\u2019est pourquoi nous offrons des services de programmation et de d\u00e9veloppement de logiciels personnalis\u00e9s pour adapter votre ERP \u00e0 vos flux de travail r\u00e9els, aux demandes de l\u2019industrie et aux objectifs futurs. Que vous ayez besoin d\u2019un nouveau rapport, d\u2019un module sp\u00e9cialis\u00e9, d\u2019une automatisation personnalis\u00e9e ou d\u2019une int\u00e9gration transparente avec des syst\u00e8mes tiers, notre \u00e9quipe de d\u00e9veloppement est pr\u00eate \u00e0 transformer vos id\u00e9es en fonctionnalit\u00e9s enti\u00e8rement int\u00e9gr\u00e9es et prises en charge, sans compromettre la stabilit\u00e9 de base de votre ERP\/PGI.","robots":{"index":"index","follow":"follow","max-snippet":"max-snippet:-1","max-image-preview":"max-image-preview:large","max-video-preview":"max-video-preview:-1"},"canonical":"https:\/\/trendexsys.com\/fr-ca\/developpement-et-programmation-sur-mesure\/","og_locale":"fr_CA","og_type":"article","og_title":"D\u00e9veloppement et programmation sur mesure - trendexsys.com","og_description":"D\u00e9veloppement et programmation personnalis\u00e9s - Am\u00e9liorations ERP\/PGI sur mesure con\u00e7ues juste pour vous Chez Trendex, nous savons qu\u2019il n\u2019y a pas deux entreprises exactement identiques. C\u2019est pourquoi nous offrons des services de programmation et de d\u00e9veloppement de logiciels personnalis\u00e9s pour adapter votre ERP \u00e0 vos flux de travail r\u00e9els, aux demandes de l\u2019industrie et aux objectifs futurs. Que vous ayez besoin d\u2019un nouveau rapport, d\u2019un module sp\u00e9cialis\u00e9, d\u2019une automatisation personnalis\u00e9e ou d\u2019une int\u00e9gration transparente avec des syst\u00e8mes tiers, notre \u00e9quipe de d\u00e9veloppement est pr\u00eate \u00e0 transformer vos id\u00e9es en fonctionnalit\u00e9s enti\u00e8rement int\u00e9gr\u00e9es et prises en charge, sans compromettre la stabilit\u00e9 de base de votre ERP\/PGI.","og_url":"https:\/\/trendexsys.com\/fr-ca\/developpement-et-programmation-sur-mesure\/","og_site_name":"trendexsys.com","article_modified_time":"2025-08-21T23:43:14+00:00","twitter_card":"summary_large_image","twitter_misc":{"Estimation du temps de lecture":"2 minutes"},"schema":{"@context":"https:\/\/schema.org","@graph":[{"@type":"WebPage","@id":"https:\/\/trendexsys.com\/fr-ca\/developpement-et-programmation-sur-mesure\/","url":"https:\/\/trendexsys.com\/fr-ca\/developpement-et-programmation-sur-mesure\/","name":"D\u00e9veloppement et programmation sur mesure - trendexsys.com","isPartOf":{"@id":"http:\/\/trendexsys.com\/fr-ca\/#website"},"datePublished":"2025-08-13T13:53:40+00:00","dateModified":"2025-08-21T23:43:14+00:00","description":"D\u00e9veloppement et programmation personnalis\u00e9s - Am\u00e9liorations ERP\/PGI sur mesure con\u00e7ues juste pour vous Chez Trendex, nous savons qu\u2019il n\u2019y a pas deux entreprises exactement identiques. C\u2019est pourquoi nous offrons des services de programmation et de d\u00e9veloppement de logiciels personnalis\u00e9s pour adapter votre ERP \u00e0 vos flux de travail r\u00e9els, aux demandes de l\u2019industrie et aux objectifs futurs. Que vous ayez besoin d\u2019un nouveau rapport, d\u2019un module sp\u00e9cialis\u00e9, d\u2019une automatisation personnalis\u00e9e ou d\u2019une int\u00e9gration transparente avec des syst\u00e8mes tiers, notre \u00e9quipe de d\u00e9veloppement est pr\u00eate \u00e0 transformer vos id\u00e9es en fonctionnalit\u00e9s enti\u00e8rement int\u00e9gr\u00e9es et prises en charge, sans compromettre la stabilit\u00e9 de base de votre ERP\/PGI.","breadcrumb":{"@id":"https:\/\/trendexsys.com\/fr-ca\/developpement-et-programmation-sur-mesure\/#breadcrumb"},"inLanguage":"fr-CA","potentialAction":[{"@type":"ReadAction","target":["https:\/\/trendexsys.com\/fr-ca\/developpement-et-programmation-sur-mesure\/"]}]},{"@type":"BreadcrumbList","@id":"https:\/\/trendexsys.com\/fr-ca\/developpement-et-programmation-sur-mesure\/#breadcrumb","itemListElement":[{"@type":"ListItem","position":1,"name":"Home","item":"https:\/\/trendexsys.com\/fr-ca\/"},{"@type":"ListItem","position":2,"name":"D\u00e9veloppement et programmation sur mesure"}]},{"@type":"WebSite","@id":"http:\/\/trendexsys.com\/fr-ca\/#website","url":"http:\/\/trendexsys.com\/fr-ca\/","name":"trendexsys.com","description":"","potentialAction":[{"@type":"SearchAction","target":{"@type":"EntryPoint","urlTemplate":"http:\/\/trendexsys.com\/fr-ca\/?s={search_term_string}"},"query-input":{"@type":"PropertyValueSpecification","valueRequired":true,"valueName":"search_term_string"}}],"inLanguage":"fr-CA"}]}},"_links":{"self":[{"href":"https:\/\/trendexsys.com\/fr-ca\/wp-json\/wp\/v2\/pages\/2378","targetHints":{"allow":["GET"]}}],"collection":[{"href":"https:\/\/trendexsys.com\/fr-ca\/wp-json\/wp\/v2\/pages"}],"about":[{"href":"https:\/\/trendexsys.com\/fr-ca\/wp-json\/wp\/v2\/types\/page"}],"author":[{"embeddable":true,"href":"https:\/\/trendexsys.com\/fr-ca\/wp-json\/wp\/v2\/users\/1"}],"replies":[{"embeddable":true,"href":"https:\/\/trendexsys.com\/fr-ca\/wp-json\/wp\/v2\/comments?post=2378"}],"version-history":[{"count":5,"href":"https:\/\/trendexsys.com\/fr-ca\/wp-json\/wp\/v2\/pages\/2378\/revisions"}],"predecessor-version":[{"id":2410,"href":"https:\/\/trendexsys.com\/fr-ca\/wp-json\/wp\/v2\/pages\/2378\/revisions\/2410"}],"wp:attachment":[{"href":"https:\/\/trendexsys.com\/fr-ca\/wp-json\/wp\/v2\/media?parent=2378"}],"curies":[{"name":"wp","href":"https:\/\/api.w.org\/{rel}","templated":true}]}}