{"id":2371,"date":"2025-02-28T23:01:48","date_gmt":"2025-02-28T23:01:48","guid":{"rendered":"https:\/\/trendexsys.com\/integration-et-formation\/"},"modified":"2025-08-21T22:14:26","modified_gmt":"2025-08-21T22:14:26","slug":"integration-et-formation","status":"publish","type":"page","link":"https:\/\/trendexsys.com\/fr-ca\/integration-et-formation\/","title":{"rendered":"Int\u00e9gration et formation"},"content":{"rendered":"<div class=\"wpb-content-wrapper\"><p>[vc_row][vc_column][vc_column_text css=\u00a0\u00bb\u00a0\u00bb]<\/p>\n<h2 data-start=\"90\" data-end=\"157\"><strong data-start=\"94\" data-end=\"155\">Int\u00e9gration et formation compl\u00e8tes pour Trendex GasTrend\u2122<\/strong><\/h2>\n<p>&nbsp;<\/p>\n<h3 data-start=\"159\" data-end=\"202\"><strong data-start=\"164\" data-end=\"200\">Donner \u00e0 votre \u00e9quipe les moyens de r\u00e9ussir<\/strong><\/h3>\n<p data-start=\"203\" data-end=\"591\">Lorsque vous choisissez <strong data-start=\"219\" data-end=\"249\">le logiciel Trendex GasTrend\u2122<\/strong>, vous ne vous contentez pas de mettre en \u0153uvre un syst\u00e8me ERP de pointe, vous avez acc\u00e8s \u00e0 nos <strong data-start=\"335\" data-end=\"385\">services complets d\u2019int\u00e9gration et de formation<\/strong>. Nous comprenons que l\u2019adoption de nouvelles technologies peut \u00eatre difficile, c\u2019est pourquoi nous offrons une formation structur\u00e9e et pratique pour nous assurer que votre \u00e9quipe est enti\u00e8rement \u00e9quip\u00e9e pour tirer parti de GasTrend\u2122 \u00e0 son plein potentiel. <\/p>\n<h3 data-start=\"593\" data-end=\"647\"><strong data-start=\"598\" data-end=\"645\">Formation dirig\u00e9e par des experts, adapt\u00e9e \u00e0 vos besoins<\/strong><\/h3>\n<p data-start=\"648\" data-end=\"922\">Nos formateurs exp\u00e9riment\u00e9s travaillent en \u00e9troite collaboration avec votre \u00e9quipe pour offrir une exp\u00e9rience d\u2019apprentissage personnalis\u00e9e. Que vos employ\u00e9s soient nouveaux dans les syst\u00e8mes ERP ou des professionnels chevronn\u00e9s qui cherchent \u00e0 optimiser les flux de travail, nous fournissons les connaissances et le soutien n\u00e9cessaires pour une transition en douceur. <\/p>\n<h3 data-start=\"924\" data-end=\"985\"><strong data-start=\"929\" data-end=\"983\">Aspects cl\u00e9s de nos services d\u2019int\u00e9gration et de formation :<\/strong><\/h3>\n<p data-start=\"986\" data-end=\"1588\">\u2705 <strong data-start=\"988\" data-end=\"1012\">Formation ax\u00e9e sur les r\u00f4les :<\/strong> Programmes adapt\u00e9s aux diff\u00e9rents r\u00f4les des utilisateurs, garantissant que chaque employ\u00e9 re\u00e7oit des instructions pertinentes.<br data-start=\"1119\" data-end=\"1122\">\u2705 <strong data-start=\"1124\" data-end=\"1146\">Apprentissage pratique :<\/strong> S\u00e9ances interactives avec d\u00e9monstrations en temps r\u00e9el et exercices pratiques.<br data-start=\"1222\" data-end=\"1225\">\u2705 Guide <strong data-start=\"1227\" data-end=\"1273\">de configuration multi-utilisateurs et multi-entreprises :<\/strong> Formation sur la configuration de GasTrend\u2122 pour plusieurs emplacements et unit\u00e9s commerciales.<br data-start=\"1350\" data-end=\"1353\">\u2705 <strong data-start=\"1355\" data-end=\"1389\">Pratiques exemplaires et optimisation :<\/strong> Conseils sur la fa\u00e7on de rationaliser les processus et de maximiser l\u2019efficacit\u00e9 des logiciels.<br data-start=\"1463\" data-end=\"1466\">\u2705 <strong data-start=\"1468\" data-end=\"1500\">Soutien et ressources continus :<\/strong> Acc\u00e8s \u00e0 des manuels d\u2019utilisation, \u00e0 des vid\u00e9os de formation et \u00e0 l\u2019aide d\u2019experts pour renforcer l\u2019apprentissage.<\/p>\n<h3 data-start=\"1590\" data-end=\"1639\"><strong data-start=\"1595\" data-end=\"1637\">Lib\u00e9rez tout le potentiel de GasTrend\u2122<\/strong><\/h3>\n<p data-start=\"1640\" data-end=\"1915\">Gr\u00e2ce <strong data-start=\"1645\" data-end=\"1689\">\u00e0 l\u2019int\u00e9gration et \u00e0 la formation d\u2019experts de Trendex<\/strong>, votre \u00e9quipe acquerra la confiance et les comp\u00e9tences n\u00e9cessaires pour utiliser GasTrend\u2122 efficacement d\u00e8s le premier jour. Notre engagement envers l\u2019apprentissage continu et l\u2019autonomisation des utilisateurs garantit que votre entreprise reste \u00e0 l\u2019avant-garde dans une industrie en \u00e9volution.<\/p>\n<h3 data-start=\"1917\" data-end=\"2018\"><strong data-start=\"1917\" data-end=\"2016\">Laissez-nous guider votre \u00e9quipe vers le succ\u00e8s, afin que vous puissiez vous concentrer sur ce qui compte le plus : faire cro\u00eetre votre entreprise.<\/strong><\/h3>\n<p>[\/vc_column_text][\/vc_column][\/vc_row]<\/p>\n<\/div>","protected":false},"excerpt":{"rendered":"<p>[vc_row][vc_column][vc_column_text css=\u00a0\u00bb\u00a0\u00bb] Int\u00e9gration et formation compl\u00e8tes pour Trendex GasTrend\u2122 &nbsp; Donner \u00e0 votre \u00e9quipe les moyens de r\u00e9ussir Lorsque vous choisissez le logiciel Trendex GasTrend\u2122, vous ne vous contentez pas de mettre en \u0153uvre un syst\u00e8me ERP de pointe, vous avez acc\u00e8s \u00e0 nos services complets d\u2019int\u00e9gration et de formation. Nous comprenons que l\u2019adoption de&hellip;<\/p>\n","protected":false},"author":1,"featured_media":0,"parent":0,"menu_order":0,"comment_status":"closed","ping_status":"closed","template":"","meta":{"footnotes":""},"class_list":["post-2371","page","type-page","status-publish","hentry","description-off"],"yoast_head":"<!-- This site is optimized with the Yoast SEO plugin v25.7 - https:\/\/yoast.com\/wordpress\/plugins\/seo\/ -->\n<title>Int\u00e9gration et formation - trendexsys.com<\/title>\n<meta name=\"robots\" content=\"index, follow, max-snippet:-1, max-image-preview:large, max-video-preview:-1\" \/>\n<link rel=\"canonical\" href=\"https:\/\/trendexsys.com\/fr-ca\/integration-et-formation\/\" \/>\n<meta property=\"og:locale\" content=\"fr_CA\" \/>\n<meta property=\"og:type\" content=\"article\" \/>\n<meta property=\"og:title\" content=\"Int\u00e9gration et formation - trendexsys.com\" \/>\n<meta property=\"og:description\" content=\"[vc_row][vc_column][vc_column_text css=\u00a0\u00bb\u00a0\u00bb] Int\u00e9gration et formation compl\u00e8tes pour Trendex GasTrend\u2122 &nbsp; Donner \u00e0 votre \u00e9quipe les moyens de r\u00e9ussir Lorsque vous choisissez le logiciel Trendex GasTrend\u2122, vous ne vous contentez pas de mettre en \u0153uvre un syst\u00e8me ERP de pointe, vous avez acc\u00e8s \u00e0 nos services complets d\u2019int\u00e9gration et de formation. Nous comprenons que l\u2019adoption de&hellip;\" \/>\n<meta property=\"og:url\" content=\"https:\/\/trendexsys.com\/fr-ca\/integration-et-formation\/\" \/>\n<meta property=\"og:site_name\" content=\"trendexsys.com\" \/>\n<meta property=\"article:modified_time\" content=\"2025-08-21T22:14:26+00:00\" \/>\n<meta name=\"twitter:card\" content=\"summary_large_image\" \/>\n<meta name=\"twitter:label1\" content=\"Estimation du temps de lecture\" \/>\n\t<meta name=\"twitter:data1\" content=\"2 minutes\" \/>\n<script type=\"application\/ld+json\" class=\"yoast-schema-graph\">{\"@context\":\"https:\/\/schema.org\",\"@graph\":[{\"@type\":\"WebPage\",\"@id\":\"https:\/\/trendexsys.com\/fr-ca\/integration-et-formation\/\",\"url\":\"https:\/\/trendexsys.com\/fr-ca\/integration-et-formation\/\",\"name\":\"Int\u00e9gration et formation - trendexsys.com\",\"isPartOf\":{\"@id\":\"http:\/\/trendexsys.com\/fr-ca\/#website\"},\"datePublished\":\"2025-02-28T23:01:48+00:00\",\"dateModified\":\"2025-08-21T22:14:26+00:00\",\"breadcrumb\":{\"@id\":\"https:\/\/trendexsys.com\/fr-ca\/integration-et-formation\/#breadcrumb\"},\"inLanguage\":\"fr-CA\",\"potentialAction\":[{\"@type\":\"ReadAction\",\"target\":[\"https:\/\/trendexsys.com\/fr-ca\/integration-et-formation\/\"]}]},{\"@type\":\"BreadcrumbList\",\"@id\":\"https:\/\/trendexsys.com\/fr-ca\/integration-et-formation\/#breadcrumb\",\"itemListElement\":[{\"@type\":\"ListItem\",\"position\":1,\"name\":\"Home\",\"item\":\"https:\/\/trendexsys.com\/fr-ca\/\"},{\"@type\":\"ListItem\",\"position\":2,\"name\":\"Int\u00e9gration et formation\"}]},{\"@type\":\"WebSite\",\"@id\":\"http:\/\/trendexsys.com\/fr-ca\/#website\",\"url\":\"http:\/\/trendexsys.com\/fr-ca\/\",\"name\":\"trendexsys.com\",\"description\":\"\",\"potentialAction\":[{\"@type\":\"SearchAction\",\"target\":{\"@type\":\"EntryPoint\",\"urlTemplate\":\"http:\/\/trendexsys.com\/fr-ca\/?s={search_term_string}\"},\"query-input\":{\"@type\":\"PropertyValueSpecification\",\"valueRequired\":true,\"valueName\":\"search_term_string\"}}],\"inLanguage\":\"fr-CA\"}]}<\/script>\n<!-- \/ Yoast SEO plugin. -->","yoast_head_json":{"title":"Int\u00e9gration et formation - trendexsys.com","robots":{"index":"index","follow":"follow","max-snippet":"max-snippet:-1","max-image-preview":"max-image-preview:large","max-video-preview":"max-video-preview:-1"},"canonical":"https:\/\/trendexsys.com\/fr-ca\/integration-et-formation\/","og_locale":"fr_CA","og_type":"article","og_title":"Int\u00e9gration et formation - trendexsys.com","og_description":"[vc_row][vc_column][vc_column_text css=\u00a0\u00bb\u00a0\u00bb] Int\u00e9gration et formation compl\u00e8tes pour Trendex GasTrend\u2122 &nbsp; Donner \u00e0 votre \u00e9quipe les moyens de r\u00e9ussir Lorsque vous choisissez le logiciel Trendex GasTrend\u2122, vous ne vous contentez pas de mettre en \u0153uvre un syst\u00e8me ERP de pointe, vous avez acc\u00e8s \u00e0 nos services complets d\u2019int\u00e9gration et de formation. Nous comprenons que l\u2019adoption de&hellip;","og_url":"https:\/\/trendexsys.com\/fr-ca\/integration-et-formation\/","og_site_name":"trendexsys.com","article_modified_time":"2025-08-21T22:14:26+00:00","twitter_card":"summary_large_image","twitter_misc":{"Estimation du temps de lecture":"2 minutes"},"schema":{"@context":"https:\/\/schema.org","@graph":[{"@type":"WebPage","@id":"https:\/\/trendexsys.com\/fr-ca\/integration-et-formation\/","url":"https:\/\/trendexsys.com\/fr-ca\/integration-et-formation\/","name":"Int\u00e9gration et formation - trendexsys.com","isPartOf":{"@id":"http:\/\/trendexsys.com\/fr-ca\/#website"},"datePublished":"2025-02-28T23:01:48+00:00","dateModified":"2025-08-21T22:14:26+00:00","breadcrumb":{"@id":"https:\/\/trendexsys.com\/fr-ca\/integration-et-formation\/#breadcrumb"},"inLanguage":"fr-CA","potentialAction":[{"@type":"ReadAction","target":["https:\/\/trendexsys.com\/fr-ca\/integration-et-formation\/"]}]},{"@type":"BreadcrumbList","@id":"https:\/\/trendexsys.com\/fr-ca\/integration-et-formation\/#breadcrumb","itemListElement":[{"@type":"ListItem","position":1,"name":"Home","item":"https:\/\/trendexsys.com\/fr-ca\/"},{"@type":"ListItem","position":2,"name":"Int\u00e9gration et formation"}]},{"@type":"WebSite","@id":"http:\/\/trendexsys.com\/fr-ca\/#website","url":"http:\/\/trendexsys.com\/fr-ca\/","name":"trendexsys.com","description":"","potentialAction":[{"@type":"SearchAction","target":{"@type":"EntryPoint","urlTemplate":"http:\/\/trendexsys.com\/fr-ca\/?s={search_term_string}"},"query-input":{"@type":"PropertyValueSpecification","valueRequired":true,"valueName":"search_term_string"}}],"inLanguage":"fr-CA"}]}},"_links":{"self":[{"href":"https:\/\/trendexsys.com\/fr-ca\/wp-json\/wp\/v2\/pages\/2371","targetHints":{"allow":["GET"]}}],"collection":[{"href":"https:\/\/trendexsys.com\/fr-ca\/wp-json\/wp\/v2\/pages"}],"about":[{"href":"https:\/\/trendexsys.com\/fr-ca\/wp-json\/wp\/v2\/types\/page"}],"author":[{"embeddable":true,"href":"https:\/\/trendexsys.com\/fr-ca\/wp-json\/wp\/v2\/users\/1"}],"replies":[{"embeddable":true,"href":"https:\/\/trendexsys.com\/fr-ca\/wp-json\/wp\/v2\/comments?post=2371"}],"version-history":[{"count":7,"href":"https:\/\/trendexsys.com\/fr-ca\/wp-json\/wp\/v2\/pages\/2371\/revisions"}],"predecessor-version":[{"id":2392,"href":"https:\/\/trendexsys.com\/fr-ca\/wp-json\/wp\/v2\/pages\/2371\/revisions\/2392"}],"wp:attachment":[{"href":"https:\/\/trendexsys.com\/fr-ca\/wp-json\/wp\/v2\/media?parent=2371"}],"curies":[{"name":"wp","href":"https:\/\/api.w.org\/{rel}","templated":true}]}}